{"id":525,"date":"2025-11-26T00:54:04","date_gmt":"2025-11-26T03:54:04","guid":{"rendered":"https:\/\/portaldosscripts.com\/?post_type=product&#038;p=525"},"modified":"2025-12-02T02:56:09","modified_gmt":"2025-12-02T05:56:09","slug":"script-site-pronto-contabilidade-e-contadores-em-php","status":"publish","type":"product","link":"https:\/\/portaldosscripts.com\/index.php\/produto\/script-site-pronto-contabilidade-e-contadores-em-php\/","title":{"rendered":"Script Site Pronto Contabilidade e Contadores em Php"},"content":{"rendered":"<p><span style=\"color: #636363;\"><b><span style=\"font-size: 17px;\">Site para Contabilidade e Contadores 100% responsivo em PHP<br \/>\nMySQL<\/span><\/b><span style=\"font-size: 17px;\"> com Painel<br \/>\nAdministrador, f\u00e1cil edi\u00e7\u00e3o pelo painel, feito em PHP 7.4\u00a0 MySQL,<br \/>\nutilizando os Framework Bootstrap v3.3.7 e Font Awesome<br \/>\n5.7.0 para agiliza maior performance de navega\u00e7\u00e3o.<\/span><br \/>\n<span style=\"font-size: 17px;\">Compat\u00edvel com os principais navegadores Google Chrome, Opera, Firefox (Mozilla), Edge, Outros..<\/span><\/span><\/p>\n<p><span style=\"font-size: 17px;\">Layout Responsivo<\/span><br \/>\n<span style=\"font-size: 17px;\">F\u00e1cil de Usar<\/span><br \/>\n<span style=\"font-size: 17px;\">Totalmente Edit\u00e1vel<\/span><br \/>\n<span style=\"font-size: 17px;\">C\u00f3digo Fonte Aberto. ( O sistema est\u00e1 todo em c\u00f3digo aberto , sendo poss\u00edvel a modificar ou ajustar conforme sua necessidade. )<\/span><\/p>\n<p><span style=\"font-size: 17px;\">ANTES DE EFETUAR A COMPRA ACESSE O DEMO DO SCRIPT.<\/span><br \/>\n<b><\/b><\/p>\n<p><span style=\"font-size: 17px;\">Garantia de Funcionamento somente para hospedagem com:<\/span><\/p>\n<p><b><span style=\"font-size: 17px;\">REQUISITOS PARA INSTALA\u00c7\u00c3O:<\/span><\/b><\/p>\n<p><span style=\"font-size: 17px;\">\u2013 Servidor Linux com cPanel da (cpanel.com)<\/span><br \/>\n<span style=\"font-size: 17px;\">\u2013 PHP 7.4<\/span><br \/>\n<span style=\"font-size: 17px;\">\u2013 MySQL<\/span><br \/>\n<span style=\"font-size: 17px;\">\u2013 Apache<\/span><br \/>\n<span style=\"font-size: 17px;\">\u2013 phpMyAdmin<\/span><\/p>\n<p><span style=\"color: #636363;\"><b><span style=\"font-size: 17px;\">FUN\u00c7\u00d5ES DO GERENCIADOR DE CONTE\u00daDOS:<\/span><\/b><\/span><\/p>\n<p><span style=\"font-size: 17px;\">&#8211; Banners <\/span><b><span style=\"font-size: 17px;\">( Slides )<br \/>\n<\/span><\/b><span style=\"font-size: 17px;\">&#8211; <\/span><span style=\"font-size: 17px;\">Caracter\u00edsticas<br \/>\n&#8211; Postagens<br \/>\n&#8211; Conte\u00fados em Blocos<br \/>\n&#8211; Configura\u00e7\u00f5es<br \/>\n&#8211; Planos<br \/>\n&#8211; Formul\u00e1rio de Contatos<br \/>\n&#8211; Parceiros<br \/>\n&#8211; Imagens<br \/>\n&#8211; Layout Paginas<br \/>\n&#8211; Layout Rodap\u00e9<br \/>\n&#8211; Layout Topos | <b>1 Modelo de Topo<\/b><br \/>\n&#8211; Depoimentos<br \/>\n&#8211; Layout &#8211; Itens<br \/>\n&#8211; Postagens<br \/>\n&#8211; Redes Sociais<br \/>\n&#8211; Textos<br \/>\n&#8211; Crie Permiss\u00f5es de Usu\u00e1rios<br \/>\n&#8211; Widgets <b>( Campo para inserir )<\/b><\/span><\/p>\n<p>&nbsp;<\/p>\n<table class=\"andes-table\">\n<tbody class=\"andes-table__body\">\n<tr class=\"andes-table__row\">\n<td class=\"andes-table__column andes-table__column--left ui-pdp-specs__table__column\">\n<div class=\"alert alert-info\">\n<h4>ENTREGA:<\/h4>\n<p><span style=\"font-size: 17px;\">*<\/span><span style=\"font-size: 17px;\">O<br \/>\nEnvio do Script \u00e9 feito de forma autom\u00e1tica, para efetuar a compra voc\u00ea<br \/>\nprecisa se cadastrar em nossa loja, seu produto ser\u00e1 entregue na sua<br \/>\nconta ( \u00c1rea do Cliente ). Para pagamentos via Chave Pix que depende de<br \/>\nenvio manual de comprovante, o envio ser\u00e1 efetuado ap\u00f3s a confirma\u00e7\u00e3o do<br \/>\npagamento.<\/span><br \/>\n<span style=\"font-size: 17px;\"><br \/>\nEnvio em at\u00e9 5 min ap\u00f3s confirma\u00e7\u00e3o do pagamento pelo banco emissor.<br \/>\n<\/span><\/p>\n<\/div>\n<div class=\"alert alert-warning\">\n<h4>REEMBOLSO E PERSONALIZA\u00c7\u00c3O:<\/h4>\n<p><span style=\"font-size: 17px;\">&#8211; Por se Tratar de um produto digital n\u00e3o fazemos a devolu\u00e7\u00e3o do pagamento.<\/span><span style=\"font-size: 17px;\"><br \/>\n&#8211; Este valor n\u00e3o inclui altera\u00e7\u00f5es no Script ou Instala\u00e7\u00e3o.<br \/>\n<\/span><\/p>\n<div style=\"clear: both;\"><\/div>\n<p>&nbsp;<\/p>\n<\/div>\n<p>&nbsp;<\/p>\n<p>&nbsp;<\/p>\n<p>&nbsp;<\/p>\n<p>&nbsp;<\/td>\n<\/tr>\n<tr class=\"andes-table__row\">\n<th class=\"andes-table__header andes-table__header--left ui-pdp-specs__table__column ui-pdp-specs__table__column-title\"><\/th>\n<td class=\"andes-table__column andes-table__column--left ui-pdp-specs__table__column\"><\/td>\n<td class=\"andes-table__column andes-table__column--left ui-pdp-specs__table__column\"><\/td>\n<\/tr>\n<tr class=\"andes-table__row\">\n<th class=\"andes-table__header andes-table__header--left ui-pdp-specs__table__column ui-pdp-specs__table__column-title\"><\/th>\n<td class=\"andes-table__column andes-table__column--left ui-pdp-specs__table__column\"><\/td>\n<td class=\"andes-table__column andes-table__column--left ui-pdp-specs__table__column\"><\/td>\n<\/tr>\n<tr class=\"andes-table__row\">\n<th class=\"andes-table__header andes-table__header--left ui-pdp-specs__table__column ui-pdp-specs__table__column-title\"><\/th>\n<\/tr>\n<\/tbody>\n<\/table>\n","protected":false},"excerpt":{"rendered":"<p>Site para Contabilidade e Contadores 100% responsivo em PHP MySQL com Painel Administrador, f\u00e1cil edi\u00e7\u00e3o pelo painel, feito em PHP 7.4\u00a0 MySQL, utilizando os Framework Bootstrap v3.3.7 e Font Awesome 5.7.0 para agiliza maior performance de navega\u00e7\u00e3o. Compat\u00edvel com os principais navegadores Google Chrome, Opera, Firefox (Mozilla), Edge, Outros.. Layout&hellip;<\/p>\n","protected":false},"featured_media":553,"comment_status":"closed","ping_status":"closed","template":"","meta":[],"product_brand":[],"product_cat":[238,35,226,227,196,239,208,234,228,195,20,345,24,31,229],"product_tag":[209,210,211,212,213,214,215,216,217,218,219,220,221,222,223,39,224,225,78],"class_list":{"0":"post-525","1":"product","2":"type-product","3":"status-publish","4":"has-post-thumbnail","6":"product_cat-advocacia","7":"product_cat-advogados","8":"product_cat-arquitetura","9":"product_cat-construcao","10":"product_cat-consultores","11":"product_cat-contabilidade","12":"product_cat-corretores","13":"product_cat-destaques","14":"product_cat-engenharia","15":"product_cat-imobiliarias","16":"product_cat-php","17":"product_cat-portfolio","18":"product_cat-sites-completos","19":"product_cat-templates","20":"product_cat-vitrines","21":"product_tag-advogados","22":"product_tag-agencia-de-viagens","23":"product_tag-agendamento","24":"product_tag-carros","25":"product_tag-ecommerce","26":"product_tag-hosting","27":"product_tag-jornalismo","28":"product_tag-landingpage","29":"product_tag-noticias","30":"product_tag-odonto","31":"product_tag-provedor-de-internet","32":"product_tag-seguradora","33":"product_tag-site-radio","34":"product_tag-template-iptv","35":"product_tag-template-site-iptv","36":"product_tag-templates","37":"product_tag-vitrines","38":"product_tag-webradio","39":"product_tag-woocommerce","41":"first","42":"instock","43":"sale","44":"downloadable","45":"virtual","46":"purchasable","47":"product-type-simple"},"_links":{"self":[{"href":"https:\/\/portaldosscripts.com\/index.php\/wp-json\/wp\/v2\/product\/525","targetHints":{"allow":["GET"]}}],"collection":[{"href":"https:\/\/portaldosscripts.com\/index.php\/wp-json\/wp\/v2\/product"}],"about":[{"href":"https:\/\/portaldosscripts.com\/index.php\/wp-json\/wp\/v2\/types\/product"}],"replies":[{"embeddable":true,"href":"https:\/\/portaldosscripts.com\/index.php\/wp-json\/wp\/v2\/comments?post=525"}],"version-history":[{"count":4,"href":"https:\/\/portaldosscripts.com\/index.php\/wp-json\/wp\/v2\/product\/525\/revisions"}],"predecessor-version":[{"id":881,"href":"https:\/\/portaldosscripts.com\/index.php\/wp-json\/wp\/v2\/product\/525\/revisions\/881"}],"wp:featuredmedia":[{"embeddable":true,"href":"https:\/\/portaldosscripts.com\/index.php\/wp-json\/wp\/v2\/media\/553"}],"wp:attachment":[{"href":"https:\/\/portaldosscripts.com\/index.php\/wp-json\/wp\/v2\/media?parent=525"}],"wp:term":[{"taxonomy":"product_brand","embeddable":true,"href":"https:\/\/portaldosscripts.com\/index.php\/wp-json\/wp\/v2\/product_brand?post=525"},{"taxonomy":"product_cat","embeddable":true,"href":"https:\/\/portaldosscripts.com\/index.php\/wp-json\/wp\/v2\/product_cat?post=525"},{"taxonomy":"product_tag","embeddable":true,"href":"https:\/\/portaldosscripts.com\/index.php\/wp-json\/wp\/v2\/product_tag?post=525"}],"curies":[{"name":"wp","href":"https:\/\/api.w.org\/{rel}","templated":true}]}}