{"id":526,"date":"2025-11-26T00:54:04","date_gmt":"2025-11-26T03:54:04","guid":{"rendered":"https:\/\/portaldosscripts.com\/?post_type=product&#038;p=526"},"modified":"2025-12-03T00:10:45","modified_gmt":"2025-12-03T03:10:45","slug":"script-site-pronto-para-iptv-em-php","status":"publish","type":"product","link":"https:\/\/portaldosscripts.com\/index.php\/produto\/script-site-pronto-para-iptv-em-php\/","title":{"rendered":"Site para Revenda de IPTV e Entretenimento em Php com Painel admin"},"content":{"rendered":"<p><span style=\"color: #636363;\"><b><span style=\"font-size: 17px;\">Site para Venda de IPTV Streaming de V\u00eddeo 100% responsivo em PHP<br \/>\nMySQL<\/span><\/b><span style=\"font-size: 17px;\"> com Painel<br \/>\nAdministrador, f\u00e1cil edi\u00e7\u00e3o pelo painel, feito em PHP 5.6 a 7.0\u00a0 MySQL,<br \/>\nutilizando os Framework Bootstrap v3.3.7 e Font Awesome<br \/>\n5.7.0 para agiliza maior performance de navega\u00e7\u00e3o.<\/span><br \/>\n<span style=\"font-size: 17px;\">Compat\u00edvel com os principais navegadores Google Chrome, Opera, Firefox (Mozilla), Edge, Outros..<\/span><\/span><\/p>\n<p><span style=\"font-size: 17px;\">Layout Responsivo<\/span><br \/>\n<span style=\"font-size: 17px;\">F\u00e1cil de Usar<\/span><br \/>\n<span style=\"font-size: 17px;\">Totalmente Edit\u00e1vel<\/span><br \/>\n<span style=\"font-size: 17px;\">C\u00f3digo Fonte Aberto. ( O sistema est\u00e1 todo em c\u00f3digo aberto , sendo poss\u00edvel a modificar ou ajustar conforme sua necessidade. )<\/span><\/p>\n<p><span style=\"font-size: 17px;\">ANTES DE EFETUAR A COMPRA ACESSE O DEMO DO SCRIPT.<\/span><\/p>\n<p><span style=\"color: #636363;\"><span style=\"font-size: 17px;\">Garantia de Funcionamento somente para hospedagem com:<\/span><\/span><\/p>\n<p><b><span style=\"font-size: 17px;\">REQUISITOS PARA INSTALA\u00c7\u00c3O:<\/span><\/b><\/p>\n<p><span style=\"font-size: 17px;\">\u2013 Servidor Linux com cPanel da (cpanel.com)<\/span><br \/>\n<span style=\"font-size: 17px;\">\u2013 PHP 5.6 ou 7.0<\/span><br \/>\n<span style=\"font-size: 17px;\">\u2013 MySQL<\/span><br \/>\n<span style=\"font-size: 17px;\">\u2013 Apache<\/span><br \/>\n<span style=\"font-size: 17px;\">\u2013 phpMyAdmin<\/span><\/p>\n<p><span style=\"color: #636363;\"><b><span style=\"font-size: 17px;\">FUN\u00c7\u00d5ES DO GERENCIADOR DE CONTE\u00daDOS:<\/span><\/b><\/span><\/p>\n<p><span style=\"font-size: 17px;\">&#8211; Banners <\/span><b><span style=\"font-size: 17px;\">( Slides )<br \/>\n<\/span><\/b><span style=\"font-size: 17px;\">&#8211; <\/span><span style=\"font-size: 17px;\">Caracter\u00edsticas<br \/>\n&#8211; V\u00eddeos<br \/>\n&#8211; D\u00favidas Frequentes<br \/>\n&#8211; Configura\u00e7\u00f5es<br \/>\n&#8211; Planos<br \/>\n&#8211; Formul\u00e1rio de Contatos<br \/>\n&#8211; Blocos<br \/>\n&#8211; Logo Canais<br \/>\n&#8211; Imagens<br \/>\n&#8211; Layout Paginas<br \/>\n&#8211; Layout Rodap\u00e9<br \/>\n&#8211; Layout Topos | <b>3 Modelo de Topo<\/b><br \/>\n&#8211; Layout &#8211; Itens<br \/>\n&#8211; Contador<br \/>\n&#8211; Redes Sociais<br \/>\n&#8211; Textos<br \/>\n&#8211; Crie Permiss\u00f5es de Usu\u00e1rios<br \/>\n&#8211; Widgets <b>( Campo para inserir )<\/b><\/span><\/p>\n<div class=\"alert alert-info\">\n<h4>ENTREGA:<\/h4>\n<p><span style=\"font-size: 17px;\">*O<br \/>\nEnvio do Script \u00e9 feito de forma autom\u00e1tica, para efetuar a compra voc\u00ea<br \/>\nprecisa se cadastrar em nossa loja, seu produto ser\u00e1 entregue na sua<br \/>\nconta ( \u00c1rea do Cliente )<\/span><\/p>\n<p>Envio em at\u00e9 5 min ap\u00f3s confirma\u00e7\u00e3o do pagamento pelo banco emissor.<\/p>\n<\/div>\n<div class=\"alert alert-warning\">\n<h4>REEMBOLSO E PERSONALIZA\u00c7\u00c3O:<\/h4>\n<p><span style=\"font-size: 17px;\">&#8211; Por se Tratar de um produto digital n\u00e3o fazemos a devolu\u00e7\u00e3o do pagamento.<\/span><span style=\"font-size: 17px;\"><br \/>\n&#8211; Este valor n\u00e3o inclui altera\u00e7\u00f5es no Script ou Instala\u00e7\u00e3o.<br \/>\n<\/span><\/p>\n<\/div>\n","protected":false},"excerpt":{"rendered":"<p>Site para Venda de IPTV Streaming de V\u00eddeo 100% responsivo em PHP MySQL com Painel Administrador, f\u00e1cil edi\u00e7\u00e3o pelo painel, feito em PHP 5.6 a 7.0\u00a0 MySQL, utilizando os Framework Bootstrap v3.3.7 e Font Awesome 5.7.0 para agiliza maior performance de navega\u00e7\u00e3o. Compat\u00edvel com os principais navegadores Google Chrome, Opera,&hellip;<\/p>\n","protected":false},"featured_media":555,"comment_status":"closed","ping_status":"closed","template":"","meta":[],"product_brand":[],"product_cat":[233,234,228,328,235,240,236,20,237,241,31,229],"product_tag":[209,210,211,212,213,214,215,216,217,218,219,220,221,222,223,39,224,225,78],"class_list":{"0":"post-526","1":"product","2":"type-product","3":"status-publish","4":"has-post-thumbnail","6":"product_cat-assinaturas","7":"product_cat-destaques","8":"product_cat-engenharia","9":"product_cat-entretenimento","10":"product_cat-internet","11":"product_cat-iptv","12":"product_cat-loja-virtual","13":"product_cat-php","14":"product_cat-provedores","15":"product_cat-streaming","16":"product_cat-templates","17":"product_cat-vitrines","18":"product_tag-advogados","19":"product_tag-agencia-de-viagens","20":"product_tag-agendamento","21":"product_tag-carros","22":"product_tag-ecommerce","23":"product_tag-hosting","24":"product_tag-jornalismo","25":"product_tag-landingpage","26":"product_tag-noticias","27":"product_tag-odonto","28":"product_tag-provedor-de-internet","29":"product_tag-seguradora","30":"product_tag-site-radio","31":"product_tag-template-iptv","32":"product_tag-template-site-iptv","33":"product_tag-templates","34":"product_tag-vitrines","35":"product_tag-webradio","36":"product_tag-woocommerce","38":"first","39":"instock","40":"sale","41":"downloadable","42":"virtual","43":"purchasable","44":"product-type-simple"},"_links":{"self":[{"href":"https:\/\/portaldosscripts.com\/index.php\/wp-json\/wp\/v2\/product\/526","targetHints":{"allow":["GET"]}}],"collection":[{"href":"https:\/\/portaldosscripts.com\/index.php\/wp-json\/wp\/v2\/product"}],"about":[{"href":"https:\/\/portaldosscripts.com\/index.php\/wp-json\/wp\/v2\/types\/product"}],"replies":[{"embeddable":true,"href":"https:\/\/portaldosscripts.com\/index.php\/wp-json\/wp\/v2\/comments?post=526"}],"version-history":[{"count":3,"href":"https:\/\/portaldosscripts.com\/index.php\/wp-json\/wp\/v2\/product\/526\/revisions"}],"predecessor-version":[{"id":953,"href":"https:\/\/portaldosscripts.com\/index.php\/wp-json\/wp\/v2\/product\/526\/revisions\/953"}],"wp:featuredmedia":[{"embeddable":true,"href":"https:\/\/portaldosscripts.com\/index.php\/wp-json\/wp\/v2\/media\/555"}],"wp:attachment":[{"href":"https:\/\/portaldosscripts.com\/index.php\/wp-json\/wp\/v2\/media?parent=526"}],"wp:term":[{"taxonomy":"product_brand","embeddable":true,"href":"https:\/\/portaldosscripts.com\/index.php\/wp-json\/wp\/v2\/product_brand?post=526"},{"taxonomy":"product_cat","embeddable":true,"href":"https:\/\/portaldosscripts.com\/index.php\/wp-json\/wp\/v2\/product_cat?post=526"},{"taxonomy":"product_tag","embeddable":true,"href":"https:\/\/portaldosscripts.com\/index.php\/wp-json\/wp\/v2\/product_tag?post=526"}],"curies":[{"name":"wp","href":"https:\/\/api.w.org\/{rel}","templated":true}]}}