{"id":528,"date":"2025-11-26T00:54:04","date_gmt":"2025-11-26T03:54:04","guid":{"rendered":"https:\/\/portaldosscripts.com\/?post_type=product&#038;p=528"},"modified":"2025-12-02T23:49:03","modified_gmt":"2025-12-03T02:49:03","slug":"script-site-pronto-tema-seguranca-eletronica-em-php-com-painel-admin","status":"publish","type":"product","link":"https:\/\/portaldosscripts.com\/index.php\/produto\/script-site-pronto-tema-seguranca-eletronica-em-php-com-painel-admin\/","title":{"rendered":"Script Site pronto Tema Seguran\u00e7a Eletr\u00f4nica em Php com Painel admin"},"content":{"rendered":"<p><span style=\"color: #636363;\"><span style=\"font-weight: bold;\"><span style=\"font-size: 17px;\">Site para Vitrine de Produtos 100% responsivo em PHP MySQL<\/span><\/span><span style=\"font-size: 17px;\">\u00a0com<br \/>\nPainel Administrador, f\u00e1cil edi\u00e7\u00e3o pelo painel, feito em PHP 5.6<br \/>\nMySQL, utilizando os Framework Bootstrap v3.3.7 e Font Awesome 5.7.0<br \/>\npara agiliza maior performance de navega\u00e7\u00e3o.<\/span><br \/>\n<span style=\"font-size: 17px;\">Compat\u00edvel com os principais navegadores Google Chrome, Opera, Firefox (Mozilla), Edge, Outros..<\/span><\/span><\/p>\n<p><span style=\"font-size: 17px;\">Layout Responsivo<\/span><br \/>\n<span style=\"font-size: 17px;\">F\u00e1cil de Usar<\/span><br \/>\n<span style=\"font-size: 17px;\">Totalmente Edit\u00e1vel<\/span><br \/>\n<span style=\"font-size: 17px;\">C\u00f3digo Fonte Aberto. ( O sistema est\u00e1 todo em c\u00f3digo aberto , sendo poss\u00edvel a modificar ou ajustar conforme sua necessidade. )<\/span><\/p>\n<p><span style=\"font-size: 17px;\">ANTES DE EFETUAR A COMPRA ACESSE O DEMO DO SCRIPT.<\/span><\/p>\n<p><span style=\"color: #636363;\"><span style=\"font-size: 17px;\">Garantia de Funcionamento somente para hospedagem com:<br \/>\n<\/span><\/span><span style=\"color: #636363;\"><span style=\"font-weight: bold;\"><span style=\"font-size: 17px;\">REQUISITOS PARA INSTALA\u00c7\u00c3O:<\/span><\/span><\/span><\/p>\n<p><span style=\"font-size: 17px;\">\u2013 Servidor Linux com cPanel da (cpanel.com)<\/span><br \/>\n<span style=\"font-size: 17px;\">\u2013 PHP 5.6 <\/span><br \/>\n<span style=\"font-size: 17px;\">\u2013 MySQL<\/span><br \/>\n<span style=\"font-size: 17px;\">\u2013 Apache<\/span><br \/>\n<span style=\"font-size: 17px;\">\u2013 phpMyAdmin<\/span><\/p>\n<p>&nbsp;<\/p>\n<p><span style=\"color: #636363;\"><span style=\"font-weight: bold;\"><span style=\"font-size: 17px;\">FUN\u00c7\u00d5ES DO GERENCIADOR DE CONTE\u00daDOS:<\/span><\/span><\/span><\/p>\n<p><span style=\"font-size: 17px;\">&#8211; Banners\u00a0<\/span><span style=\"font-weight: bold;\"><span style=\"font-size: 17px;\">( Slides )<br \/>\n<\/span><\/span><span style=\"font-size: 17px;\">&#8211; Configura\u00e7\u00f5es<\/span><span style=\"font-size: 17px;\"><br \/>\n&#8211; Imagens<br \/>\n&#8211; Paginas<br \/>\n&#8211; Produtos<br \/>\n&#8211; Redes Sociais<br \/>\n&#8211; Usu\u00e1rios<br \/>\n&#8211; Layout<\/span><\/p>\n<div class=\"alert alert-info\">\n<h4>ENTREGA:<\/h4>\n<p><span style=\"font-size: 17px;\">*O<br \/>\nEnvio do Script \u00e9 feito de forma autom\u00e1tica, para efetuar a compra voc\u00ea<br \/>\nprecisa se cadastrar em nossa loja, seu produto ser\u00e1 entregue na sua<br \/>\nconta ( \u00c1rea do Cliente )<\/span><\/p>\n<p>Envio em at\u00e9 5 min ap\u00f3s confirma\u00e7\u00e3o do pagamento pelo banco emissor.<\/p>\n<\/div>\n<div class=\"alert alert-warning\">\n<h4>REEMBOLSO E PERSONALIZA\u00c7\u00c3O:<\/h4>\n<p><span style=\"font-size: 17px;\">&#8211; Por se Tratar de um produto digital n\u00e3o fazemos a devolu\u00e7\u00e3o do pagamento.<\/span><span style=\"font-size: 17px;\"><br \/>\n&#8211; Este valor n\u00e3o inclui altera\u00e7\u00f5es no Script ou Instala\u00e7\u00e3o.<br \/>\n<\/span><br \/>\nTERMOS E CONDI\u00c7\u00d5ES DE USO &#8211; https:\/\/mod55.portaldosscripts.com\/termosecondicoesdeuso<\/p>\n<div style=\"clear: both;\"><\/div>\n<\/div>\n","protected":false},"excerpt":{"rendered":"<p>Site para Vitrine de Produtos 100% responsivo em PHP MySQL\u00a0com Painel Administrador, f\u00e1cil edi\u00e7\u00e3o pelo painel, feito em PHP 5.6 MySQL, utilizando os Framework Bootstrap v3.3.7 e Font Awesome 5.7.0 para agiliza maior performance de navega\u00e7\u00e3o. Compat\u00edvel com os principais navegadores Google Chrome, Opera, Firefox (Mozilla), Edge, Outros.. Layout Responsivo&hellip;<\/p>\n","protected":false},"featured_media":559,"comment_status":"closed","ping_status":"closed","template":"","meta":[],"product_brand":[],"product_cat":[233,234,20,245,31,229],"product_tag":[209,210,211,212,213,214,215,216,217,218,246,219,220,247,221,222,223,39,224,225,78],"class_list":{"0":"post-528","1":"product","2":"type-product","3":"status-publish","4":"has-post-thumbnail","6":"product_cat-assinaturas","7":"product_cat-destaques","8":"product_cat-php","9":"product_cat-protecao","10":"product_cat-templates","11":"product_cat-vitrines","12":"product_tag-advogados","13":"product_tag-agencia-de-viagens","14":"product_tag-agendamento","15":"product_tag-carros","16":"product_tag-ecommerce","17":"product_tag-hosting","18":"product_tag-jornalismo","19":"product_tag-landingpage","20":"product_tag-noticias","21":"product_tag-odonto","22":"product_tag-protecao","23":"product_tag-provedor-de-internet","24":"product_tag-seguradora","25":"product_tag-seguranca","26":"product_tag-site-radio","27":"product_tag-template-iptv","28":"product_tag-template-site-iptv","29":"product_tag-templates","30":"product_tag-vitrines","31":"product_tag-webradio","32":"product_tag-woocommerce","34":"first","35":"instock","36":"downloadable","37":"virtual","38":"purchasable","39":"product-type-simple"},"_links":{"self":[{"href":"https:\/\/portaldosscripts.com\/index.php\/wp-json\/wp\/v2\/product\/528","targetHints":{"allow":["GET"]}}],"collection":[{"href":"https:\/\/portaldosscripts.com\/index.php\/wp-json\/wp\/v2\/product"}],"about":[{"href":"https:\/\/portaldosscripts.com\/index.php\/wp-json\/wp\/v2\/types\/product"}],"replies":[{"embeddable":true,"href":"https:\/\/portaldosscripts.com\/index.php\/wp-json\/wp\/v2\/comments?post=528"}],"version-history":[{"count":3,"href":"https:\/\/portaldosscripts.com\/index.php\/wp-json\/wp\/v2\/product\/528\/revisions"}],"predecessor-version":[{"id":945,"href":"https:\/\/portaldosscripts.com\/index.php\/wp-json\/wp\/v2\/product\/528\/revisions\/945"}],"wp:featuredmedia":[{"embeddable":true,"href":"https:\/\/portaldosscripts.com\/index.php\/wp-json\/wp\/v2\/media\/559"}],"wp:attachment":[{"href":"https:\/\/portaldosscripts.com\/index.php\/wp-json\/wp\/v2\/media?parent=528"}],"wp:term":[{"taxonomy":"product_brand","embeddable":true,"href":"https:\/\/portaldosscripts.com\/index.php\/wp-json\/wp\/v2\/product_brand?post=528"},{"taxonomy":"product_cat","embeddable":true,"href":"https:\/\/portaldosscripts.com\/index.php\/wp-json\/wp\/v2\/product_cat?post=528"},{"taxonomy":"product_tag","embeddable":true,"href":"https:\/\/portaldosscripts.com\/index.php\/wp-json\/wp\/v2\/product_tag?post=528"}],"curies":[{"name":"wp","href":"https:\/\/api.w.org\/{rel}","templated":true}]}}