{"id":529,"date":"2025-11-26T00:54:04","date_gmt":"2025-11-26T03:54:04","guid":{"rendered":"https:\/\/portaldosscripts.com\/?post_type=product&#038;p=529"},"modified":"2025-12-03T00:01:58","modified_gmt":"2025-12-03T03:01:58","slug":"script-site-pronto-vitrine-de-produtos-em-php-com-painel-administrador","status":"publish","type":"product","link":"https:\/\/portaldosscripts.com\/index.php\/produto\/script-site-pronto-vitrine-de-produtos-em-php-com-painel-administrador\/","title":{"rendered":"Script Site Pronto Vitrine de produtos em Php com Painel admin"},"content":{"rendered":"<p><span style=\"color: #636363;\"><span style=\"font-size: 17px;\">Site para Vitrine de Produtos 100% responsivo em PHP MySQL<\/span><\/span><span style=\"color: #636363;\">\u00a0com Painel Administrador, f\u00e1cil edi\u00e7\u00e3o pelo painel, feito em PHP 5.6 MySQL, utilizando os Framework Bootstrap v3.3.7 e Font Awesome 5.7.0 para agiliza maior performance de navega\u00e7\u00e3o.<\/span><br style=\"color: #636363;\" \/><span style=\"color: #636363;\">Compat\u00edvel com os principais navegadores Google Chrome, Opera, Firefox (Mozilla), Edge, Outros..<\/span><br style=\"color: #636363;\" \/><span style=\"color: #636363;\"><br \/>\n<span style=\"font-size: 17px;\">Layout Responsivo<\/span><br \/>\n<span style=\"font-size: 17px;\">F\u00e1cil de Usar<\/span><br \/>\n<span style=\"font-size: 17px;\">Totalmente Edit\u00e1vel<\/span><br \/>\n<span style=\"font-size: 17px;\">C\u00f3digo Fonte Aberto. ( O sistema est\u00e1 todo em c\u00f3digo aberto , sendo poss\u00edvel a modificar ou ajustar conforme sua necessidade. )<\/span><\/span><\/p>\n<p style=\"box-sizing: border-box; margin: 0px 0px 0.9rem; color: #333333; font-family: Exo, sans-serif; font-size: 15px; font-style: normal; font-variant-ligatures: normal; font-variant-caps: normal; font-weight: 400; letter-spacing: normal; orphans: 2; text-align: start; text-indent: 0px; text-transform: none; white-space: normal; widows: 2; word-spacing: 0px; -webkit-text-stroke-width: 0px; text-decoration-thickness: initial; text-decoration-style: initial; text-decoration-color: initial;\"><span style=\"color: #636363;\"><span style=\"font-size: 17px;\">\u2013 Servidor Linux com cPanel da (cpanel.com)<\/span><br \/>\n<span style=\"font-size: 17px;\">\u2013 PHP 5.6 <\/span><br \/>\n<span style=\"font-size: 17px;\">\u2013 MySQL<\/span><br \/>\n<span style=\"font-size: 17px;\">\u2013 Apache<\/span><br \/>\n<span style=\"font-size: 17px;\">\u2013 phpMyAdmin<\/span><\/span><\/p>\n<p>&nbsp;<\/p>\n<p><span style=\"color: #636363;\"><span style=\"font-weight: bold;\"><span style=\"font-size: 17px;\">FUN\u00c7\u00d5ES DO GERENCIADOR DE CONTE\u00daDOS:<\/span><\/span><\/span><\/p>\n<p>&nbsp;<\/p>\n<div id=\"extwaiokist\" style=\"display: none;\">\n<div id=\"extwaigglbit\" style=\"display: none;\"><\/div>\n<\/div>\n<p><span style=\"color: #636363;\"><span style=\"font-size: 17px;\">&#8211; Banners\u00a0<\/span><span style=\"font-weight: bold;\"><span style=\"font-size: 17px;\">( Slides )<br \/>\n<\/span><\/span><span style=\"font-size: 17px;\">&#8211; Configura\u00e7\u00f5es<\/span><span style=\"font-size: 17px;\"><br \/>\n&#8211; Imagens<br \/>\n&#8211; Paginas<br \/>\n&#8211; Produtos<br \/>\n&#8211; Redes Sociais<br \/>\n&#8211; Usu\u00e1rios<br \/>\n&#8211; Layout<\/span><\/span><\/p>\n<div class=\"alert alert-danger\">\n<h4>IMPORTANTE:<\/h4>\n<p>Este Script \u00e9 apenas uma Vitrine de Produtos, n\u00e3o possui qualquer modulo de pagamento.<\/p>\n<\/div>\n<p>&nbsp;<\/p>\n<div class=\"alert alert-info\">\n<h4>ENTREGA:<\/h4>\n<p><span style=\"font-size: 17px;\">*O<br \/>\nEnvio do Script \u00e9 feito de forma autom\u00e1tica, para efetuar a compra voc\u00ea<br \/>\nprecisa se cadastrar em nossa loja, seu produto ser\u00e1 entregue na sua<br \/>\nconta ( \u00c1rea do Cliente )<\/span><\/p>\n<p>Envio em at\u00e9 5 min ap\u00f3s confirma\u00e7\u00e3o do pagamento pelo banco emissor.<\/p>\n<\/div>\n<div class=\"alert alert-warning\">\n<h4>REEMBOLSO E PERSONALIZA\u00c7\u00c3O:<\/h4>\n<p><span style=\"font-size: 17px;\">&#8211; Por se Tratar de um produto digital n\u00e3o fazemos a devolu\u00e7\u00e3o do pagamento.<\/span><span style=\"font-size: 17px;\"><br \/>\n&#8211; Este valor n\u00e3o inclui altera\u00e7\u00f5es no Script ou Instala\u00e7\u00e3o.<br \/>\n<\/span><\/p>\n<\/div>\n","protected":false},"excerpt":{"rendered":"<p>Site para Vitrine de Produtos 100% responsivo em PHP MySQL\u00a0com Painel Administrador, f\u00e1cil edi\u00e7\u00e3o pelo painel, feito em PHP 5.6 MySQL, utilizando os Framework Bootstrap v3.3.7 e Font Awesome 5.7.0 para agiliza maior performance de navega\u00e7\u00e3o.Compat\u00edvel com os principais navegadores Google Chrome, Opera, Firefox (Mozilla), Edge, Outros.. Layout Responsivo F\u00e1cil&hellip;<\/p>\n","protected":false},"featured_media":561,"comment_status":"closed","ping_status":"closed","template":"","meta":[],"product_brand":[],"product_cat":[302,248,234,235,20,304,31,229],"product_tag":[],"class_list":{"0":"post-529","1":"product","2":"type-product","3":"status-publish","4":"has-post-thumbnail","6":"product_cat-catalogo","7":"product_cat-descontos-imperdiveis","8":"product_cat-destaques","9":"product_cat-internet","10":"product_cat-php","11":"product_cat-servicos","12":"product_cat-templates","13":"product_cat-vitrines","15":"first","16":"instock","17":"sale","18":"downloadable","19":"virtual","20":"purchasable","21":"product-type-simple"},"_links":{"self":[{"href":"https:\/\/portaldosscripts.com\/index.php\/wp-json\/wp\/v2\/product\/529","targetHints":{"allow":["GET"]}}],"collection":[{"href":"https:\/\/portaldosscripts.com\/index.php\/wp-json\/wp\/v2\/product"}],"about":[{"href":"https:\/\/portaldosscripts.com\/index.php\/wp-json\/wp\/v2\/types\/product"}],"replies":[{"embeddable":true,"href":"https:\/\/portaldosscripts.com\/index.php\/wp-json\/wp\/v2\/comments?post=529"}],"version-history":[{"count":3,"href":"https:\/\/portaldosscripts.com\/index.php\/wp-json\/wp\/v2\/product\/529\/revisions"}],"predecessor-version":[{"id":949,"href":"https:\/\/portaldosscripts.com\/index.php\/wp-json\/wp\/v2\/product\/529\/revisions\/949"}],"wp:featuredmedia":[{"embeddable":true,"href":"https:\/\/portaldosscripts.com\/index.php\/wp-json\/wp\/v2\/media\/561"}],"wp:attachment":[{"href":"https:\/\/portaldosscripts.com\/index.php\/wp-json\/wp\/v2\/media?parent=529"}],"wp:term":[{"taxonomy":"product_brand","embeddable":true,"href":"https:\/\/portaldosscripts.com\/index.php\/wp-json\/wp\/v2\/product_brand?post=529"},{"taxonomy":"product_cat","embeddable":true,"href":"https:\/\/portaldosscripts.com\/index.php\/wp-json\/wp\/v2\/product_cat?post=529"},{"taxonomy":"product_tag","embeddable":true,"href":"https:\/\/portaldosscripts.com\/index.php\/wp-json\/wp\/v2\/product_tag?post=529"}],"curies":[{"name":"wp","href":"https:\/\/api.w.org\/{rel}","templated":true}]}}