{"id":530,"date":"2025-11-26T00:54:04","date_gmt":"2025-11-26T03:54:04","guid":{"rendered":"https:\/\/portaldosscripts.com\/?post_type=product&#038;p=530"},"modified":"2026-01-01T01:08:45","modified_gmt":"2026-01-01T04:08:45","slug":"script-site-zoom-pronto-institucional-em-php-100-responsivo","status":"publish","type":"product","link":"https:\/\/portaldosscripts.com\/index.php\/produto\/script-site-zoom-pronto-institucional-em-php-100-responsivo\/","title":{"rendered":"Script Site Zoom pronto, Institucional em Php 100% responsivo"},"content":{"rendered":"<p><span style=\"color: #636363;\">Site Institucional SiteZomm 100% responsivo em PHP MySQL\u00a0com Painel Administrador, f\u00e1cil edi\u00e7\u00e3o pelo painel, feito em PHP 5.6\u00a0 MySQL, utilizando os Framework Bootstrap v3.3.7 e Font Awesome 5.7.0 para agiliza maior performance de navega\u00e7\u00e3o.<br \/>\nCompat\u00edvel com os principais navegadores Google Chrome, Opera, Firefox (Mozilla), Edge, Outros..<\/span><\/p>\n<p>Layout Responsivo<br \/>\nF\u00e1cil de Usar<br \/>\nTotalmente Edit\u00e1vel<br \/>\nC\u00f3digo Fonte Aberto. ( O sistema est\u00e1 todo em c\u00f3digo aberto , sendo poss\u00edvel a modificar ou ajustar conforme sua necessidade. )<\/p>\n<p>ANTES DE EFETUAR A COMPRA ACESSE O DEMO DO SCRIPT.<\/p>\n<p>Layout Responsivo<br \/>\nF\u00e1cil de Usar<br \/>\nTotalmente Edit\u00e1vel<br \/>\nC\u00f3digo Fonte Aberto. ( O sistema est\u00e1 todo em c\u00f3digo aberto , sendo poss\u00edvel a modificar ou ajustar conforme sua necessidade. )<\/p>\n<p>ANTES DE EFETUAR A COMPRA ACESSE O DEMO DO SCRIPT.<\/p>\n<p style=\"box-sizing: border-box; margin: 0px 0px 0.9rem; color: #333333; font-family: Exo, sans-serif; font-size: 15px; font-style: normal; font-variant-ligatures: normal; font-variant-caps: normal; font-weight: 400; letter-spacing: normal; orphans: 2; text-align: start; text-indent: 0px; text-transform: none; white-space: normal; widows: 2; word-spacing: 0px; -webkit-text-stroke-width: 0px; text-decoration-thickness: initial; text-decoration-style: initial; text-decoration-color: initial;\">Garantia de Funcionamento somente para hospedagem com:<br \/>\nREQUISITOS PARA INSTALA\u00c7\u00c3O:<\/p>\n<p>\u2013 Servidor Linux com cPanel da (cpanel.com)<br \/>\n\u2013 PHP 5.6 ou 7.0<br \/>\n\u2013 MySQL<br \/>\n\u2013 Apache<br \/>\n\u2013 phpMyAdmin<\/p>\n<p>FUN\u00c7\u00d5ES DO GERENCIADOR DE CONTE\u00daDOS:<\/p>\n<p>&#8211; Banners ( Slides )<br \/>\n&#8211; Blocos<br \/>\n&#8211; Cadastro de E-mail<br \/>\n&#8211; Caracter\u00edsticas<br \/>\n&#8211; Configura\u00e7\u00f5es<br \/>\n&#8211; Contador<br \/>\n&#8211; Formul\u00e1rio de Contato<br \/>\n&#8211; Depoimentos<br \/>\n&#8211; Produtos e Servi\u00e7os<br \/>\n&#8211; Galeria de Fotos<br \/>\n&#8211; Imagens<br \/>\n&#8211; Layout &#8211; Paginas<br \/>\n&#8211; Layout &#8211; Rodap\u00e9<br \/>\n&#8211; Layout Topo | 1 Modelo de Topo<br \/>\n&#8211; Parceiros<br \/>\n&#8211; Postagens<br \/>\n&#8211; Redes Sociais<br \/>\n&#8211; Textos | Contatos<br \/>\n&#8211; V\u00eddeos<br \/>\n&#8211; Usu\u00e1rios<br \/>\n&#8211; Widgets<\/p>\n<h5 class=\"m-t f-w-900\">&#8211; Integra\u00e7\u00e3o<\/h5>\n<p>Receba coment\u00e1rios atrav\u00e9s do Facebook Comment e adicione v\u00eddeos do YouTube sem complica\u00e7\u00e3o.<\/p>\n<h5 class=\"m-t f-w-900\">-SEO<\/h5>\n<p>Configure meta tags e o seu c\u00f3digo Google Analytics no sistema, proporcionando melhores resultados nas buscas e acompanhe as estat\u00edsticas atrav\u00e9s da sua conta no Google Analytics.<\/p>\n<h5 class=\"m-t f-w-900\">-Publicidade<\/h5>\n<p>Adicione seus c\u00f3digo de publicidade como Google AdSense facilmente pelo painel administrativo, poder\u00e1 escolher at\u00e9 tr\u00eas locais onde ir\u00e3o aparecer: topo, lateral (blog) e rodap\u00e9.<\/p>\n<h5 class=\"m-t f-w-900\">-R\u00e1pido e Pr\u00e1tico<\/h5>\n<p>Adicione, Edite ou Remova conte\u00fado na velocidade que sua empresa precisa, atrav\u00e9s de uma painel interativo e funcional, nada de c\u00f3digos complicados.<\/p>\n<h5 class=\"m-t f-w-900\">-Projetos<\/h5>\n<p>Gerencie seus projetos, v\u00eddeos do youtube, posts, servi\u00e7os e muitos mais atrav\u00e9s dos m\u00f3dulos j\u00e1 prontos e otimizados. Voc\u00ea pode adaptar de acordo com a sua necessidade.<\/p>\n<h5 class=\"m-t f-w-900\">-Ganhe Tempo<\/h5>\n<p>Por que perde tempo com administra\u00e7\u00e3o complicada, aproveite melhor o seu tempo sem ficar horas quebrando a cabe\u00e7a para adicionar conte\u00fado.<\/p>\n<h5 class=\"m-t f-w-900\">-Painel Compacto<\/h5>\n<p>Painel administrativo com o que voc\u00ea realmente precisa, habilite ou desabilite m\u00f3dulos de acordo com a sua necessidade. Tudo r\u00e1pido e pr\u00e1tico como sempre.<\/p>\n<h5 class=\"m-t f-w-900\">-Newsletter<\/h5>\n<p>Envie mensagens para os seus contatos atrav\u00e9s de um sistema simples mas eficiente de email-marketing. N\u00e3o se preocupe com limite de mensagens, voc\u00ea poder\u00e1 configurar a quantidade\/hora de acordo com sua hospedagem.<\/p>\n<p>&nbsp;<\/p>\n<p>&nbsp;<\/p>\n<div class=\"alert alert-info\">\n<h4>ENTREGA:<\/h4>\n<p><span style=\"font-size: 17px;\">*O Envio do Script \u00e9 feito de forma autom\u00e1tica, para efetuar a compra voc\u00ea<br \/>\nprecisa se cadastrar em nossa loja, seu produto ser\u00e1 entregue na sua<br \/>\nconta ( \u00c1rea do Cliente )<\/span><\/p>\n<p>Envio em at\u00e9 5 min ap\u00f3s confirma\u00e7\u00e3o do pagamento pelo banco emissor.<\/p>\n<\/div>\n<div class=\"alert alert-warning\">\n<h4>REEMBOLSO E PERSONALIZA\u00c7\u00c3O:<\/h4>\n<p><span style=\"font-size: 17px;\">&#8211; Por se Tratar de um produto digital n\u00e3o fazemos a devolu\u00e7\u00e3o do pagamento.<\/span><span style=\"font-size: 17px;\"><br \/>\n&#8211; Este valor n\u00e3o inclui altera\u00e7\u00f5es no Script ou Instala\u00e7\u00e3o.<br \/>\n<\/span><\/p>\n<div style=\"clear: both;\"><\/div>\n<p>&nbsp;<\/p>\n<\/div>\n<p>&nbsp;<\/p>\n","protected":false},"excerpt":{"rendered":"<p>Site Institucional SiteZomm 100% responsivo em PHP MySQL\u00a0com Painel Administrador, f\u00e1cil edi\u00e7\u00e3o pelo painel, feito em PHP 5.6\u00a0 MySQL, utilizando os Framework Bootstrap v3.3.7 e Font Awesome 5.7.0 para agiliza maior performance de navega\u00e7\u00e3o. Compat\u00edvel com os principais navegadores Google Chrome, Opera, Firefox (Mozilla), Edge, Outros.. Layout Responsivo F\u00e1cil de&hellip;<\/p>\n","protected":false},"featured_media":563,"comment_status":"closed","ping_status":"closed","template":"","meta":[],"product_brand":[],"product_cat":[226,227,239,208,234,228,206,249,314,20,345,304,24,31,229],"product_tag":[209,210,211,212,213,214,215,216,217,218,219,220,221,222,223,39,224,225,78],"class_list":{"0":"post-530","1":"product","2":"type-product","3":"status-publish","4":"has-post-thumbnail","6":"product_cat-arquitetura","7":"product_cat-construcao","8":"product_cat-contabilidade","9":"product_cat-corretores","10":"product_cat-destaques","11":"product_cat-engenharia","12":"product_cat-institucionais","13":"product_cat-institucional","14":"product_cat-personal","15":"product_cat-php","16":"product_cat-portfolio","17":"product_cat-servicos","18":"product_cat-sites-completos","19":"product_cat-templates","20":"product_cat-vitrines","21":"product_tag-advogados","22":"product_tag-agencia-de-viagens","23":"product_tag-agendamento","24":"product_tag-carros","25":"product_tag-ecommerce","26":"product_tag-hosting","27":"product_tag-jornalismo","28":"product_tag-landingpage","29":"product_tag-noticias","30":"product_tag-odonto","31":"product_tag-provedor-de-internet","32":"product_tag-seguradora","33":"product_tag-site-radio","34":"product_tag-template-iptv","35":"product_tag-template-site-iptv","36":"product_tag-templates","37":"product_tag-vitrines","38":"product_tag-webradio","39":"product_tag-woocommerce","41":"first","42":"instock","43":"downloadable","44":"virtual","45":"purchasable","46":"product-type-simple"},"_links":{"self":[{"href":"https:\/\/portaldosscripts.com\/index.php\/wp-json\/wp\/v2\/product\/530","targetHints":{"allow":["GET"]}}],"collection":[{"href":"https:\/\/portaldosscripts.com\/index.php\/wp-json\/wp\/v2\/product"}],"about":[{"href":"https:\/\/portaldosscripts.com\/index.php\/wp-json\/wp\/v2\/types\/product"}],"replies":[{"embeddable":true,"href":"https:\/\/portaldosscripts.com\/index.php\/wp-json\/wp\/v2\/comments?post=530"}],"version-history":[{"count":3,"href":"https:\/\/portaldosscripts.com\/index.php\/wp-json\/wp\/v2\/product\/530\/revisions"}],"predecessor-version":[{"id":883,"href":"https:\/\/portaldosscripts.com\/index.php\/wp-json\/wp\/v2\/product\/530\/revisions\/883"}],"wp:featuredmedia":[{"embeddable":true,"href":"https:\/\/portaldosscripts.com\/index.php\/wp-json\/wp\/v2\/media\/563"}],"wp:attachment":[{"href":"https:\/\/portaldosscripts.com\/index.php\/wp-json\/wp\/v2\/media?parent=530"}],"wp:term":[{"taxonomy":"product_brand","embeddable":true,"href":"https:\/\/portaldosscripts.com\/index.php\/wp-json\/wp\/v2\/product_brand?post=530"},{"taxonomy":"product_cat","embeddable":true,"href":"https:\/\/portaldosscripts.com\/index.php\/wp-json\/wp\/v2\/product_cat?post=530"},{"taxonomy":"product_tag","embeddable":true,"href":"https:\/\/portaldosscripts.com\/index.php\/wp-json\/wp\/v2\/product_tag?post=530"}],"curies":[{"name":"wp","href":"https:\/\/api.w.org\/{rel}","templated":true}]}}