{"id":531,"date":"2025-11-26T00:54:04","date_gmt":"2025-11-26T03:54:04","guid":{"rendered":"https:\/\/portaldosscripts.com\/?post_type=product&#038;p=531"},"modified":"2025-12-02T03:03:43","modified_gmt":"2025-12-02T06:03:43","slug":"site-para-candidatos-e-pre-candidatos-com-painel-administrativo","status":"publish","type":"product","link":"https:\/\/portaldosscripts.com\/index.php\/produto\/site-para-candidatos-e-pre-candidatos-com-painel-administrativo\/","title":{"rendered":"Site Para Candidatos e Pr\u00e9 candidatos Com Painel Administrativo"},"content":{"rendered":"<h2>Descri\u00e7\u00e3o<\/h2>\n<p>As Elei\u00e7\u00f5es est\u00e3o chegando e a melhor maneira de divulgar sua campanha \u00e9 ONLINE!<br \/>\nPor isso desenvolvemos uma ferramenta para voc\u00ea candidato poder fazer sua campanha de maneira f\u00e1cil com total gerenciamento.<br \/>\nWEBSITE CANDIDATO 3.O<br \/>\nAcesse o demonstrativo e administra\u00e7\u00e3o no link abaixo<br \/>\nUm website com total gerenciamento online.<br \/>\nTotalmente personaliz\u00e1vel pelo cliente \/ candidato.<br \/>\nCadastre sua Foto de Campanha, sua logomarca, n\u00famero de candidato, logo do seu partido, coliga\u00e7\u00e3o e cores do seu partido.<br \/>\nCadastre seus dados de contato para que seus eleitores possam entrar em contato com voc\u00ea.<br \/>\nCadastre a sua Biografia e suas propostas de campanhas.<br \/>\nCadastre Not\u00edcias, Novidades e informa\u00e7\u00f5es sobre a sua campanha.<b>\u00a0<\/b><\/p>\n<div class=\"alert alert-danger\">\n<h4><\/h4>\n<h4><b>IMPORTANTE:<br \/>\n<\/b><\/h4>\n<p><b>Este Script \u00e9 apenas uma Vitrine de Produtos, n\u00e3o possui qualquer modulo de pagamento.<br \/>\n<\/b><\/p>\n<\/div>\n<p>&nbsp;<\/p>\n<div class=\"alert alert-info\">\n<h4>ENTREGA:<\/h4>\n<p><span style=\"font-size: 17px;\">*O<br \/>\nEnvio do Script \u00e9 feito de forma autom\u00e1tica, para efetuar a compra voc\u00ea<br \/>\nprecisa se cadastrar em nossa loja, seu produto ser\u00e1 entregue na sua<br \/>\nconta ( \u00c1rea do Cliente )<\/span><\/p>\n<p>Envio em at\u00e9 5 min ap\u00f3s confirma\u00e7\u00e3o do pagamento pelo banco emissor.<\/p>\n<\/div>\n<div class=\"alert alert-warning\">\n<h4>REEMBOLSO E PERSONALIZA\u00c7\u00c3O:<\/h4>\n<p><span style=\"font-size: 17px;\">&#8211; Por se Tratar de um produto digital n\u00e3o fazemos a devolu\u00e7\u00e3o do pagamento.<\/span><span style=\"font-size: 17px;\"><br \/>\n&#8211; Este valor n\u00e3o inclui altera\u00e7\u00f5es no Script ou Instala\u00e7\u00e3o.<br \/>\n<\/span><\/p>\n<\/div>\n","protected":false},"excerpt":{"rendered":"<p>Descri\u00e7\u00e3o As Elei\u00e7\u00f5es est\u00e3o chegando e a melhor maneira de divulgar sua campanha \u00e9 ONLINE! Por isso desenvolvemos uma ferramenta para voc\u00ea candidato poder fazer sua campanha de maneira f\u00e1cil com total gerenciamento. WEBSITE CANDIDATO 3.O Acesse o demonstrativo e administra\u00e7\u00e3o no link abaixo Um website com total gerenciamento online.&hellip;<\/p>\n","protected":false},"featured_media":565,"comment_status":"closed","ping_status":"closed","template":"","meta":[],"product_brand":[],"product_cat":[226,349,227,350,228,206,249,314,20,348,345,31,229],"product_tag":[209,210,211,212,213,214,215,216,217,218,219,220,221,222,223,39,224,225,78],"class_list":{"0":"post-531","1":"product","2":"type-product","3":"status-publish","4":"has-post-thumbnail","6":"product_cat-arquitetura","7":"product_cat-candidatos","8":"product_cat-construcao","9":"product_cat-eleicoes","10":"product_cat-engenharia","11":"product_cat-institucionais","12":"product_cat-institucional","13":"product_cat-personal","14":"product_cat-php","15":"product_cat-politicos","16":"product_cat-portfolio","17":"product_cat-templates","18":"product_cat-vitrines","19":"product_tag-advogados","20":"product_tag-agencia-de-viagens","21":"product_tag-agendamento","22":"product_tag-carros","23":"product_tag-ecommerce","24":"product_tag-hosting","25":"product_tag-jornalismo","26":"product_tag-landingpage","27":"product_tag-noticias","28":"product_tag-odonto","29":"product_tag-provedor-de-internet","30":"product_tag-seguradora","31":"product_tag-site-radio","32":"product_tag-template-iptv","33":"product_tag-template-site-iptv","34":"product_tag-templates","35":"product_tag-vitrines","36":"product_tag-webradio","37":"product_tag-woocommerce","39":"first","40":"instock","41":"sale","42":"downloadable","43":"virtual","44":"purchasable","45":"product-type-simple"},"_links":{"self":[{"href":"https:\/\/portaldosscripts.com\/index.php\/wp-json\/wp\/v2\/product\/531","targetHints":{"allow":["GET"]}}],"collection":[{"href":"https:\/\/portaldosscripts.com\/index.php\/wp-json\/wp\/v2\/product"}],"about":[{"href":"https:\/\/portaldosscripts.com\/index.php\/wp-json\/wp\/v2\/types\/product"}],"replies":[{"embeddable":true,"href":"https:\/\/portaldosscripts.com\/index.php\/wp-json\/wp\/v2\/comments?post=531"}],"version-history":[{"count":3,"href":"https:\/\/portaldosscripts.com\/index.php\/wp-json\/wp\/v2\/product\/531\/revisions"}],"predecessor-version":[{"id":885,"href":"https:\/\/portaldosscripts.com\/index.php\/wp-json\/wp\/v2\/product\/531\/revisions\/885"}],"wp:featuredmedia":[{"embeddable":true,"href":"https:\/\/portaldosscripts.com\/index.php\/wp-json\/wp\/v2\/media\/565"}],"wp:attachment":[{"href":"https:\/\/portaldosscripts.com\/index.php\/wp-json\/wp\/v2\/media?parent=531"}],"wp:term":[{"taxonomy":"product_brand","embeddable":true,"href":"https:\/\/portaldosscripts.com\/index.php\/wp-json\/wp\/v2\/product_brand?post=531"},{"taxonomy":"product_cat","embeddable":true,"href":"https:\/\/portaldosscripts.com\/index.php\/wp-json\/wp\/v2\/product_cat?post=531"},{"taxonomy":"product_tag","embeddable":true,"href":"https:\/\/portaldosscripts.com\/index.php\/wp-json\/wp\/v2\/product_tag?post=531"}],"curies":[{"name":"wp","href":"https:\/\/api.w.org\/{rel}","templated":true}]}}