{"id":534,"date":"2025-11-26T00:54:04","date_gmt":"2025-11-26T03:54:04","guid":{"rendered":"https:\/\/portaldosscripts.com\/?post_type=product&#038;p=534"},"modified":"2025-12-02T19:43:40","modified_gmt":"2025-12-02T22:43:40","slug":"vitrine-vincula-adegas-e-muito-mais","status":"publish","type":"product","link":"https:\/\/portaldosscripts.com\/index.php\/produto\/vitrine-vincula-adegas-e-muito-mais\/","title":{"rendered":"Vitrine Loja Caf\u00e9, Ch\u00e1 Produtos e muito mais"},"content":{"rendered":"<p><span style=\"color: #636363;\"><span style=\"font-weight: bold;\"><span style=\"font-size: 17px;\">Site para Vitrine de Produtos 100% responsivo em PHP MySQL<\/span><\/span><span style=\"font-size: 17px;\">\u00a0com<br \/>\nPainel Administrador, f\u00e1cil edi\u00e7\u00e3o pelo painel, feito em PHP 5.6<br \/>\nMySQL, utilizando os Framework Bootstrap v3.3.7 e Font Awesome 5.7.0<br \/>\npara agiliza maior performance de navega\u00e7\u00e3o.<\/span><\/span><\/p>\n<div style=\"margin-top: 20px;\">\n<div style=\"margin-top: 20px;\">\n<div style=\"margin-top: 20px;\">\n<p><span style=\"color: #636363;\"><span style=\"font-size: 17px;\">Compat\u00edvel com os principais navegadores Google Chrome, Opera, Firefox (Mozilla), Edge, Outros..<\/span><\/span><\/p>\n<p><span style=\"font-size: 17px;\">Layout Responsivo<\/span><br \/>\n<span style=\"font-size: 17px;\">F\u00e1cil de Usar<\/span><br \/>\n<span style=\"font-size: 17px;\">Totalmente Edit\u00e1vel<\/span><br \/>\n<span style=\"font-size: 17px;\">C\u00f3digo Fonte Aberto. ( O sistema est\u00e1 todo em c\u00f3digo aberto , sendo poss\u00edvel a modificar ou ajustar conforme sua necessidade. )<\/span><\/p>\n<p><span style=\"font-size: 17px;\">ANTES DE EFETUAR A COMPRA ACESSE O DEMO DO SCRIPT.<\/span><\/p>\n<p><span style=\"font-size: 17px;\">Garantia de Funcionamento somente para hospedagem com:<br \/>\n<\/span><span style=\"color: #636363;\"><span style=\"font-weight: bold;\"><span style=\"font-size: 17px;\">REQUISITOS PARA INSTALA\u00c7\u00c3O:<\/span><\/span><\/span><\/p>\n<p><span style=\"font-size: 17px;\">\u2013 Servidor Linux com cPanel da (cpanel.com)<\/span><br \/>\n<span style=\"font-size: 17px;\">\u2013 PHP 5.6<\/span><br \/>\n<span style=\"font-size: 17px;\">\u2013 MySQL<\/span><br \/>\n<span style=\"font-size: 17px;\">\u2013 Apache<\/span><br \/>\n<span style=\"font-size: 17px;\">\u2013 phpMyAdmin<\/span><\/p>\n<p>&nbsp;<\/p>\n<p><span style=\"color: #636363;\"><span style=\"font-weight: bold;\"><span style=\"font-size: 17px;\">FUN\u00c7\u00d5ES DO GERENCIADOR DE CONTE\u00daDOS:<\/span><\/span><\/span><\/p>\n<p><span style=\"font-size: 17px;\">&#8211; Banners\u00a0<\/span><span style=\"font-weight: bold;\"><span style=\"font-size: 17px;\">( Slides )<br \/>\n<\/span><\/span><span style=\"font-size: 17px;\">&#8211; Cadastro de E-mail<\/span><span style=\"font-size: 17px;\"><br \/>\n&#8211; Configura\u00e7\u00f5es<br \/>\n&#8211; Galeria de Fotos<br \/>\n&#8211; Produtos<br \/>\n&#8211; Imagens<br \/>\n&#8211; Parceiros<br \/>\n&#8211; Representantes<br \/>\n&#8211; Postagens<br \/>\n&#8211; Redes Sociais<br \/>\n&#8211; Usu\u00e1rios<br \/>\n&#8211; Layout<\/span><\/p>\n<div class=\"alert alert-info\">\n<h4>ENTREGA:<\/h4>\n<p>*O<br \/>\nEnvio do Script \u00e9 feito de forma autom\u00e1tica, para efetuar a compra voc\u00ea<br \/>\nprecisa se cadastrar em nossa loja, seu produto ser\u00e1 entregue na sua<br \/>\nconta ( \u00c1rea do Cliente )<\/p>\n<p>Envio em at\u00e9 5 min ap\u00f3s confirma\u00e7\u00e3o do pagamento pelo banco emissor.<\/p>\n<\/div>\n<div class=\"alert alert-warning\">\n<h4>REEMBOLSO E PERSONALIZA\u00c7\u00c3O:<\/h4>\n<p>&#8211; Por se Tratar de um produto digital n\u00e3o fazemos a devolu\u00e7\u00e3o do pagamento.<br \/>\n&#8211; Este valor n\u00e3o inclui altera\u00e7\u00f5es no Script ou Instala\u00e7\u00e3o.<\/p>\n<\/div>\n<p>&nbsp;<\/p>\n<\/div>\n<\/div>\n<\/div>\n<p>&nbsp;<\/p>\n","protected":false},"excerpt":{"rendered":"<p>Site para Vitrine de Produtos 100% responsivo em PHP MySQL\u00a0com Painel Administrador, f\u00e1cil edi\u00e7\u00e3o pelo painel, feito em PHP 5.6 MySQL, utilizando os Framework Bootstrap v3.3.7 e Font Awesome 5.7.0 para agiliza maior performance de navega\u00e7\u00e3o. Compat\u00edvel com os principais navegadores Google Chrome, Opera, Firefox (Mozilla), Edge, Outros.. Layout Responsivo&hellip;<\/p>\n","protected":false},"featured_media":569,"comment_status":"closed","ping_status":"closed","template":"","meta":[],"product_brand":[],"product_cat":[248,234,352,206,235,236,20,345,303,201,197,304,31,229],"product_tag":[253],"class_list":{"0":"post-534","1":"product","2":"type-product","3":"status-publish","4":"has-post-thumbnail","6":"product_cat-descontos-imperdiveis","7":"product_cat-destaques","8":"product_cat-entregas","9":"product_cat-institucionais","10":"product_cat-internet","11":"product_cat-loja-virtual","12":"product_cat-php","13":"product_cat-portfolio","14":"product_cat-produtos","15":"product_cat-revenda","16":"product_cat-revendas","17":"product_cat-servicos","18":"product_cat-templates","19":"product_cat-vitrines","20":"product_tag-marcas","22":"first","23":"instock","24":"sale","25":"downloadable","26":"virtual","27":"purchasable","28":"product-type-simple"},"_links":{"self":[{"href":"https:\/\/portaldosscripts.com\/index.php\/wp-json\/wp\/v2\/product\/534","targetHints":{"allow":["GET"]}}],"collection":[{"href":"https:\/\/portaldosscripts.com\/index.php\/wp-json\/wp\/v2\/product"}],"about":[{"href":"https:\/\/portaldosscripts.com\/index.php\/wp-json\/wp\/v2\/types\/product"}],"replies":[{"embeddable":true,"href":"https:\/\/portaldosscripts.com\/index.php\/wp-json\/wp\/v2\/comments?post=534"}],"version-history":[{"count":3,"href":"https:\/\/portaldosscripts.com\/index.php\/wp-json\/wp\/v2\/product\/534\/revisions"}],"predecessor-version":[{"id":920,"href":"https:\/\/portaldosscripts.com\/index.php\/wp-json\/wp\/v2\/product\/534\/revisions\/920"}],"wp:featuredmedia":[{"embeddable":true,"href":"https:\/\/portaldosscripts.com\/index.php\/wp-json\/wp\/v2\/media\/569"}],"wp:attachment":[{"href":"https:\/\/portaldosscripts.com\/index.php\/wp-json\/wp\/v2\/media?parent=534"}],"wp:term":[{"taxonomy":"product_brand","embeddable":true,"href":"https:\/\/portaldosscripts.com\/index.php\/wp-json\/wp\/v2\/product_brand?post=534"},{"taxonomy":"product_cat","embeddable":true,"href":"https:\/\/portaldosscripts.com\/index.php\/wp-json\/wp\/v2\/product_cat?post=534"},{"taxonomy":"product_tag","embeddable":true,"href":"https:\/\/portaldosscripts.com\/index.php\/wp-json\/wp\/v2\/product_tag?post=534"}],"curies":[{"name":"wp","href":"https:\/\/api.w.org\/{rel}","templated":true}]}}