{"id":535,"date":"2025-11-26T00:54:05","date_gmt":"2025-11-26T03:54:05","guid":{"rendered":"https:\/\/portaldosscripts.com\/?post_type=product&#038;p=535"},"modified":"2025-12-02T23:14:36","modified_gmt":"2025-12-03T02:14:36","slug":"web-radio-evangelica","status":"publish","type":"product","link":"https:\/\/portaldosscripts.com\/index.php\/produto\/web-radio-evangelica\/","title":{"rendered":"Web R\u00e1dio Evang\u00e9lica, Gospel, Crist\u00e3 etc"},"content":{"rendered":"<p><span style=\"color: #636363;\"><b><span style=\"font-size: 17px;\">Site para R\u00e1dio Online\u00a0 100% responsivo em PHP<br \/>\nMySQL<\/span><\/b><span style=\"font-size: 17px;\"> com Painel<br \/>\nAdministrador, f\u00e1cil edi\u00e7\u00e3o pelo painel, feito em PHP 5.6 a 7.0\u00a0 MySQL,<br \/>\nutilizando os Framework Bootstrap v3.3.7 e Font Awesome<br \/>\n5.7.0 para agiliza maior performance de navega\u00e7\u00e3o.<\/span><br \/>\n<span style=\"font-size: 17px;\">Compat\u00edvel com os principais navegadores Google Chrome, Opera, Firefox (Mozilla), Edge, Outros..<\/span><\/span><\/p>\n<p><span style=\"font-size: 17px;\">Layout Responsivo<\/span><br \/>\n<span style=\"font-size: 17px;\">F\u00e1cil de Usar<\/span><br \/>\n<span style=\"font-size: 17px;\">Totalmente Edit\u00e1vel<\/span><br \/>\n<span style=\"font-size: 17px;\">C\u00f3digo Fonte Aberto. ( O sistema est\u00e1 todo em c\u00f3digo aberto , sendo poss\u00edvel a modificar ou ajustar conforme sua necessidade. )<\/span><\/p>\n<p><span style=\"font-size: 17px;\">ANTES DE EFETUAR A COMPRA ACESSE O DEMO DO SCRIPT.<\/span><\/p>\n<p><span style=\"color: #636363;\"><span style=\"font-size: 17px;\">Garantia de Funcionamento somente para hospedagem com:<\/span><\/span><\/p>\n<p><b><span style=\"font-size: 17px;\">REQUISITOS PARA INSTALA\u00c7\u00c3O:<\/span><\/b><\/p>\n<p><span style=\"font-size: 17px;\">\u2013 Servidor Linux com cPanel da (cpanel.com)<\/span><br \/>\n<span style=\"font-size: 17px;\">\u2013 PHP 5.6 ou 7.0<\/span><br \/>\n<span style=\"font-size: 17px;\">\u2013 MySQL<\/span><br \/>\n<span style=\"font-size: 17px;\">\u2013 Apache<\/span><br \/>\n<span style=\"font-size: 17px;\">\u2013 phpMyAdmin<\/span><\/p>\n<p><span style=\"color: #636363;\"><b><span style=\"font-size: 17px;\">FUN\u00c7\u00d5ES DO GERENCIADOR DE CONTE\u00daDOS:<\/span><\/b><\/span><\/p>\n<p><span style=\"font-size: 17px;\">&#8211; Banners <\/span><b><span style=\"font-size: 17px;\">( Slides )<br \/>\n<\/span><\/b><span style=\"font-size: 17px;\">&#8211; <\/span><span style=\"font-size: 17px;\">Agenda<br \/>\n&#8211; Configura\u00e7\u00f5es<br \/>\n&#8211; Contratante<br \/>\n&#8211; Fotos | Portf\u00f3lio<br \/>\n&#8211; Hospedagem de Arquivos<br \/>\n&#8211; Imagens<br \/>\n&#8211; Layout<br \/>\n&#8211; Mais Tocadas<br \/>\n&#8211; Player<br \/>\n&#8211; Programa\u00e7\u00e3o<br \/>\n&#8211; Postagens<br \/>\n&#8211; Redes Sociais<br \/>\n&#8211; Textos Simples<br \/>\n&#8211; Textos P\u00e1ginas<br \/>\n&#8211; Top M\u00fasicas<br \/>\n&#8211; Usu\u00e1rios<br \/>\n&#8211; V\u00eddeo<\/span><span style=\"color: #636363;\"><span style=\"font-size: 17px;\">s<b><\/b><\/span><\/span><\/p>\n<p>&nbsp;<\/p>\n<table class=\"andes-table\">\n<tbody class=\"andes-table__body\">\n<tr class=\"andes-table__row\">\n<td class=\"andes-table__column andes-table__column--left ui-pdp-specs__table__column\">\n<div class=\"alert alert-info\">\n<h4>ENTREGA:<\/h4>\n<p><span style=\"font-size: 17px;\">*O<br \/>\nEnvio do Script \u00e9 feito de forma autom\u00e1tica, para efetuar a compra voc\u00ea<br \/>\nprecisa se cadastrar em nossa loja, seu produto ser\u00e1 entregue na sua<br \/>\nconta ( \u00c1rea do Cliente )<\/span><\/p>\n<p>Envio em at\u00e9 5 min ap\u00f3s confirma\u00e7\u00e3o do pagamento pelo banco emissor.<\/p>\n<\/div>\n<div class=\"alert alert-warning\">\n<h4>REEMBOLSO E PERSONALIZA\u00c7\u00c3O:<\/h4>\n<p><span style=\"font-size: 17px;\">&#8211; Por se Tratar de um produto digital n\u00e3o fazemos a devolu\u00e7\u00e3o do pagamento.<\/span><span style=\"font-size: 17px;\"><br \/>\n&#8211; Este valor n\u00e3o inclui altera\u00e7\u00f5es no Script ou Instala\u00e7\u00e3o.<br \/>\n<\/span><\/p>\n<div style=\"clear: both;\"><\/div>\n<p>&nbsp;<\/p>\n<\/div>\n<p>&nbsp;<\/p>\n<p>&nbsp;<\/p>\n<p>&nbsp;<\/p>\n<p>&nbsp;<\/td>\n<\/tr>\n<tr class=\"andes-table__row\">\n<th class=\"andes-table__header andes-table__header--left ui-pdp-specs__table__column ui-pdp-specs__table__column-title\"><\/th>\n<td class=\"andes-table__column andes-table__column--left ui-pdp-specs__table__column\"><\/td>\n<td class=\"andes-table__column andes-table__column--left ui-pdp-specs__table__column\"><\/td>\n<\/tr>\n<tr class=\"andes-table__row\">\n<th class=\"andes-table__header andes-table__header--left ui-pdp-specs__table__column ui-pdp-specs__table__column-title\"><\/th>\n<td class=\"andes-table__column andes-table__column--left ui-pdp-specs__table__column\"><\/td>\n<td class=\"andes-table__column andes-table__column--left ui-pdp-specs__table__column\"><\/td>\n<\/tr>\n<tr class=\"andes-table__row\">\n<th class=\"andes-table__header andes-table__header--left ui-pdp-specs__table__column ui-pdp-specs__table__column-title\"><\/th>\n<\/tr>\n<\/tbody>\n<\/table>\n<p>&nbsp;<\/p>\n","protected":false},"excerpt":{"rendered":"<p>Site para R\u00e1dio Online\u00a0 100% responsivo em PHP MySQL com Painel Administrador, f\u00e1cil edi\u00e7\u00e3o pelo painel, feito em PHP 5.6 a 7.0\u00a0 MySQL, utilizando os Framework Bootstrap v3.3.7 e Font Awesome 5.7.0 para agiliza maior performance de navega\u00e7\u00e3o. Compat\u00edvel com os principais navegadores Google Chrome, Opera, Firefox (Mozilla), Edge, Outros..&hellip;<\/p>\n","protected":false},"featured_media":573,"comment_status":"closed","ping_status":"closed","template":"","meta":[],"product_brand":[],"product_cat":[249,235,20,254,255,241,31,256,199],"product_tag":[],"class_list":{"0":"post-535","1":"product","2":"type-product","3":"status-publish","4":"has-post-thumbnail","6":"product_cat-institucional","7":"product_cat-internet","8":"product_cat-php","9":"product_cat-portais-de-noticias","10":"product_cat-radios","11":"product_cat-streaming","12":"product_cat-templates","13":"product_cat-transmissao","14":"product_cat-web-radios","16":"first","17":"instock","18":"downloadable","19":"virtual","20":"purchasable","21":"product-type-simple"},"_links":{"self":[{"href":"https:\/\/portaldosscripts.com\/index.php\/wp-json\/wp\/v2\/product\/535","targetHints":{"allow":["GET"]}}],"collection":[{"href":"https:\/\/portaldosscripts.com\/index.php\/wp-json\/wp\/v2\/product"}],"about":[{"href":"https:\/\/portaldosscripts.com\/index.php\/wp-json\/wp\/v2\/types\/product"}],"replies":[{"embeddable":true,"href":"https:\/\/portaldosscripts.com\/index.php\/wp-json\/wp\/v2\/comments?post=535"}],"version-history":[{"count":3,"href":"https:\/\/portaldosscripts.com\/index.php\/wp-json\/wp\/v2\/product\/535\/revisions"}],"predecessor-version":[{"id":930,"href":"https:\/\/portaldosscripts.com\/index.php\/wp-json\/wp\/v2\/product\/535\/revisions\/930"}],"wp:featuredmedia":[{"embeddable":true,"href":"https:\/\/portaldosscripts.com\/index.php\/wp-json\/wp\/v2\/media\/573"}],"wp:attachment":[{"href":"https:\/\/portaldosscripts.com\/index.php\/wp-json\/wp\/v2\/media?parent=535"}],"wp:term":[{"taxonomy":"product_brand","embeddable":true,"href":"https:\/\/portaldosscripts.com\/index.php\/wp-json\/wp\/v2\/product_brand?post=535"},{"taxonomy":"product_cat","embeddable":true,"href":"https:\/\/portaldosscripts.com\/index.php\/wp-json\/wp\/v2\/product_cat?post=535"},{"taxonomy":"product_tag","embeddable":true,"href":"https:\/\/portaldosscripts.com\/index.php\/wp-json\/wp\/v2\/product_tag?post=535"}],"curies":[{"name":"wp","href":"https:\/\/api.w.org\/{rel}","templated":true}]}}