{"id":586,"date":"2025-11-26T00:55:34","date_gmt":"2025-11-26T03:55:34","guid":{"rendered":"https:\/\/portaldosscripts.com\/?post_type=product&#038;p=586"},"modified":"2025-12-02T18:56:20","modified_gmt":"2025-12-02T21:56:20","slug":"flux-cms-site-responsivo-php-mysql-licenca-de-uso","status":"publish","type":"product","link":"https:\/\/portaldosscripts.com\/index.php\/produto\/flux-cms-site-responsivo-php-mysql-licenca-de-uso\/","title":{"rendered":"Flux CMS + Site  Responsivo Php MySql (Licen\u00e7a de uso)"},"content":{"rendered":"<p style=\"color: #000000;\"><span style=\"color: #636363;\"><span style=\"font-size: 17px;\">ANTES DE EFETUAR A COMPRA ACESSE O DEMO DO SCRIPT.<\/span><br \/>\n<\/span><\/p>\n<p>&nbsp;<\/p>\n<p style=\"box-sizing: border-box; margin: 0px 0px 0.9rem; color: #333333; font-family: Exo, sans-serif; font-size: 15px; font-style: normal; font-variant-ligatures: normal; font-variant-caps: normal; font-weight: 400; letter-spacing: normal; orphans: 2; text-align: start; text-indent: 0px; text-transform: none; white-space: normal; widows: 2; word-spacing: 0px; -webkit-text-stroke-width: 0px; text-decoration-thickness: initial; text-decoration-style: initial; text-decoration-color: initial;\"><span style=\"color: #636363;\"><span style=\"font-size: 17px;\">&#8211; 100% responsivo<br \/>\n&#8211; 09 cores pr\u00e9-definidas que podem ser alteradas no painel admin<br \/>\n&#8211; Logo alterada no painel admin (upload)<br \/>\n&#8211; Favicon alterado no painel admin (upload)<br \/>\n&#8211; Estat\u00edsticas de acesso (gr\u00e1ficos simples)<br \/>\n&#8211; Blog gerenciado no admin<br \/>\n&#8211; Google Analitycs configurado via painel admin<br \/>\n&#8211; Cadastro e gerenciamento de p\u00e1ginas de conte\u00fado (menu do site)<br \/>\n&#8211; Cadastro de servi\u00e7os<br \/>\n&#8211; Depoimentos de clientes<br \/>\n&#8211; Configura\u00e7\u00e3o de redes sociais<\/span><\/span><\/p>\n<p>REQUISITOS PARA INSTALA\u00c7\u00c3O:<br \/>\n&#8211; Ioncube Loader<br \/>\n&#8211; PHP 7.2 at\u00e9 8.1<br \/>\n&#8211; MYSQL (PDO)<\/p>\n<p>&#8211; Apache (o sistema utiliza .htaccess para url amig\u00e1vel)<br \/>\n&#8211; Recomendado servidores linux com cpanel.<\/p>\n<div class=\"alert alert-danger\">\n<h4>IMPORTANTE:<\/h4>\n<p>Para utilizar este Script <span style=\"color: #ff0000;\">\u00e9 necess\u00e1rio adquirir uma licen\u00e7a original do<\/span><br \/>\n<span style=\"color: #ff0000;\">desenvolvedor<\/span> a qual j\u00e1 se encontra inclusa na compra. Voc\u00ea N\u00c3O esta<br \/>\ncomprando o sistema mas a licen\u00e7a do mesmo. Caso desejar adquirir o<br \/>\nSCRIPT aberto \u00e9 necess\u00e1rio solicitar via email:<br \/>\nvendas@portaldosscripts.com<\/p>\n<\/div>\n<div class=\"alert alert-info\">\n<p><span style=\"font-size: 17px;\"><b>ENTREGA<br \/>\n<\/b><\/span><\/p>\n<p><span style=\"font-size: 17px;\">*O<br \/>\nEnvio do Script \u00e9 feito de forma programada, para efetuar a compra voc\u00ea<br \/>\nprecisa se cadastrar em nossa loja, seu produto ser\u00e1 entregue na sua<br \/>\nconta (\u00c1rea do Cliente)<\/span><\/p>\n<p><span style=\"color: #ff0000;\">Envio em at\u00e9 1 dia \u00fatil ap\u00f3s confirma\u00e7\u00e3o do pagamento pelo banco emissor.<\/span><\/p>\n<\/div>\n<div class=\"alert alert-warning\">\n<h4>REEMBOLSO E PERSONALIZA\u00c7\u00c3O:<\/h4>\n<p><span style=\"font-size: 17px;\">&#8211; Por se Tratar de um produto digital n\u00e3o fazemos a devolu\u00e7\u00e3o do pagamento.<\/span><span style=\"font-size: 17px;\"><br \/>\n&#8211; Este valor n\u00e3o inclui altera\u00e7\u00f5es no Script ou Instala\u00e7\u00e3o.<br \/>\n<\/span><\/p>\n<\/div>\n<p>&nbsp;<\/p>\n<p>&nbsp;<\/p>\n","protected":false},"excerpt":{"rendered":"<p><strong><span style=\"color: #ff0000;\">Ap\u00f3s a conclus\u00e3o da compra, por ser um sistema licenciado, o cliente receber\u00e1 os dados para download e chave de ativa\u00e7\u00e3o em at\u00e9 24h.<\/span><\/strong><\/p>\n","protected":false},"featured_media":614,"comment_status":"closed","ping_status":"closed","template":"","meta":[],"product_brand":[260],"product_cat":[196,234,325,206,249,259,236,20,24,31],"product_tag":[212,220,251,252],"class_list":{"0":"post-586","1":"product","2":"type-product","3":"status-publish","4":"has-post-thumbnail","6":"product_brand-phpstaff","7":"product_cat-consultores","8":"product_cat-destaques","9":"product_cat-gestao","10":"product_cat-institucionais","11":"product_cat-institucional","12":"product_cat-licenciados","13":"product_cat-loja-virtual","14":"product_cat-php","15":"product_cat-sites-completos","16":"product_cat-templates","17":"product_tag-carros","18":"product_tag-seguradora","19":"product_tag-site","20":"product_tag-template","22":"first","23":"onbackorder","24":"downloadable","25":"virtual","26":"purchasable","27":"product-type-simple"},"_links":{"self":[{"href":"https:\/\/portaldosscripts.com\/index.php\/wp-json\/wp\/v2\/product\/586","targetHints":{"allow":["GET"]}}],"collection":[{"href":"https:\/\/portaldosscripts.com\/index.php\/wp-json\/wp\/v2\/product"}],"about":[{"href":"https:\/\/portaldosscripts.com\/index.php\/wp-json\/wp\/v2\/types\/product"}],"replies":[{"embeddable":true,"href":"https:\/\/portaldosscripts.com\/index.php\/wp-json\/wp\/v2\/comments?post=586"}],"version-history":[{"count":4,"href":"https:\/\/portaldosscripts.com\/index.php\/wp-json\/wp\/v2\/product\/586\/revisions"}],"predecessor-version":[{"id":907,"href":"https:\/\/portaldosscripts.com\/index.php\/wp-json\/wp\/v2\/product\/586\/revisions\/907"}],"wp:featuredmedia":[{"embeddable":true,"href":"https:\/\/portaldosscripts.com\/index.php\/wp-json\/wp\/v2\/media\/614"}],"wp:attachment":[{"href":"https:\/\/portaldosscripts.com\/index.php\/wp-json\/wp\/v2\/media?parent=586"}],"wp:term":[{"taxonomy":"product_brand","embeddable":true,"href":"https:\/\/portaldosscripts.com\/index.php\/wp-json\/wp\/v2\/product_brand?post=586"},{"taxonomy":"product_cat","embeddable":true,"href":"https:\/\/portaldosscripts.com\/index.php\/wp-json\/wp\/v2\/product_cat?post=586"},{"taxonomy":"product_tag","embeddable":true,"href":"https:\/\/portaldosscripts.com\/index.php\/wp-json\/wp\/v2\/product_tag?post=586"}],"curies":[{"name":"wp","href":"https:\/\/api.w.org\/{rel}","templated":true}]}}