{"id":596,"date":"2025-11-26T00:55:34","date_gmt":"2025-11-26T03:55:34","guid":{"rendered":"https:\/\/portaldosscripts.com\/?post_type=product&#038;p=596"},"modified":"2025-12-02T19:15:09","modified_gmt":"2025-12-02T22:15:09","slug":"script-em-php-para-portal-de-noticias-jornal-online","status":"publish","type":"product","link":"https:\/\/portaldosscripts.com\/index.php\/produto\/script-em-php-para-portal-de-noticias-jornal-online\/","title":{"rendered":"Script em Php para Portal de Not\u00edcias &#8211; Jornal Online"},"content":{"rendered":"<p>&nbsp;<\/p>\n<div class=\"post-text\">\n<div>\n<p>Script em PHP Para Portal de Not\u00edcias<\/p>\n<p>Feito para php 7<\/p>\n<p>Painel Administrativo:<\/p>\n<p>Editar Menu de Navega\u00e7\u00e3o<br \/>\nP\u00e1ginas<br \/>\nPostagem<br \/>\nAgendar Postagem<br \/>\nRascunhos<br \/>\nRSS Feeds<br \/>\nCategorias<br \/>\nEditar Lateral do site<br \/>\nEnquetes<br \/>\nGaleria<br \/>\nMensagens de Contato<br \/>\nComent\u00e1rios<br \/>\nNewsletter<br \/>\nBanners<br \/>\nFerramentas de SEO<br \/>\nPrefer\u00eancias<br \/>\nConfigura\u00e7\u00f5es de Linguagem<br \/>\nConfigura\u00e7\u00f5es Visuais<br \/>\nConfigura\u00e7\u00f5es de Email<br \/>\nConfigura\u00e7\u00f5es<\/p>\n<hr \/>\n<p><strong>N\u00e3o inclui suporte de utiliza\u00e7\u00e3o, configura\u00e7\u00e3o, modifica\u00e7\u00f5es<br \/>\nou altera\u00e7\u00f5es, voc\u00ea recebe o script com o funcionamento igual ao demo, o<br \/>\nscript tem c\u00f3digo aberto, voc\u00ea tendo conhecimento poder\u00e1 alterar o que<br \/>\nquiser nele.<\/strong><\/p>\n<p><strong>O Suporte \u00e9 via email, apenas suporte para d\u00favidas de<br \/>\ninstala\u00e7\u00e3o caso tenha alguma d\u00favida (\u00e9 necess\u00e1rio que o usu\u00e1rio instale o<br \/>\nscript em hospedagem com os requisitos informados).<\/strong><\/p>\n<p><strong>Garantia de Funcionamento Somente para Hospedagem Com:<\/strong><br \/>\n\u2013 Servidor Linux com cPanel da (cpanel.net)<br \/>\n\u2013 PHP 7<br \/>\n\u2013 Apache<br \/>\n\u2013 phpMyAdmin<br \/>\n\u2013 MySQL \/ DBMaria<\/p>\n<div class=\"elementor-element elementor-element-80e5284 elementor-widget elementor-widget-alert\" style=\"--flex-direction: initial; --flex-wrap: initial; --justify-content: initial; --align-items: initial; --align-content: initial; --gap: initial; --flex-basis: initial; --flex-grow: initial; --flex-shrink: initial; --order: initial; --align-self: initial; flex-basis: var(--flex-basis); flex-grow: var(--flex-grow); flex-shrink: var(--flex-shrink); order: var(--order); align-self: var(--align-self); flex-direction: var(--flex-direction); flex-wrap: var(--flex-wrap); justify-content: var(--justify-content); align-items: var(--align-items); align-content: var(--align-content); gap: var(--gap); position: relative; --widgets-spacing: 20px; margin-bottom: 0px; min-width: 0px; max-width: 100%; font-family: Exo, sans-serif; font-size: 16px;\" data-id=\"80e5284\" data-element_type=\"widget\" data-widget_type=\"alert.default\">\n<div class=\"elementor-widget-container\" style=\"transition: background 0.3s,border 0.3s,border-radius 0.3s,box-shadow 0.3s,transform var(--e-transform-transition-duration,0.4s); height: 102px;\">\n<div class=\"elementor-alert elementor-alert-success\" style=\"padding: 15px; border-left: 5px solid #cae6be; position: relative; color: #3c763d; background-color: #dff0d8; border-top-color: #cae6be; border-right-color: #cae6be; border-bottom-color: #cae6be;\" role=\"alert\"><span class=\"elementor-alert-title\" style=\"font-weight: 600; display: block;\">ENTREGA<\/span><span class=\"elementor-alert-description\" style=\"font-size: 14px;\">*O<br \/>\nEnvio do Script \u00e9 feito de forma autom\u00e1tica, para efetuar a compra voc\u00ea<br \/>\nprecisa se cadastrar em nossa loja, seu produto ser\u00e1 entregue na sua<br \/>\nconta ( MINHA CONTA ) Envio pode ocorrer em at\u00e9 5 min ap\u00f3s confirma\u00e7\u00e3o<br \/>\ndo pagamento pelo banco emissor.<\/span><\/div>\n<\/div>\n<\/div>\n<div class=\"elementor-element elementor-element-e73bf89 elementor-widget elementor-widget-alert\" style=\"--flex-direction: initial; --flex-wrap: initial; --justify-content: initial; --align-items: initial; --align-content: initial; --gap: initial; --flex-basis: initial; --flex-grow: initial; --flex-shrink: initial; --order: initial; --align-self: initial; flex-basis: var(--flex-basis); flex-grow: var(--flex-grow); flex-shrink: var(--flex-shrink); order: var(--order); align-self: var(--align-self); flex-direction: var(--flex-direction); flex-wrap: var(--flex-wrap); justify-content: var(--justify-content); align-items: var(--align-items); align-content: var(--align-content); gap: var(--gap); position: relative; --widgets-spacing: 20px; margin-bottom: 0px; min-width: 0px; max-width: 100%; font-family: Exo, sans-serif; font-size: 16px;\" data-id=\"e73bf89\" data-element_type=\"widget\" data-widget_type=\"alert.default\">\n<div class=\"elementor-widget-container\" style=\"transition: background 0.3s,border 0.3s,border-radius 0.3s,box-shadow 0.3s,transform var(--e-transform-transition-duration,0.4s); height: 78px;\">\n<div class=\"elementor-alert elementor-alert-danger\" style=\"padding: 15px; border-left: 5px solid #e8c4c4; position: relative; color: #a94442; background-color: #f2dede; border-top-color: #e8c4c4; border-right-color: #e8c4c4; border-bottom-color: #e8c4c4;\" role=\"alert\"><span class=\"elementor-alert-title\" style=\"font-weight: 600; display: block;\">REEMBOLSO:<\/span><span class=\"elementor-alert-description\" style=\"font-size: 14px;\">Por se Tratar de um produto digital n\u00e3o fazemos a devolu\u00e7\u00e3o do pagamento.<\/span><\/div>\n<\/div>\n<\/div>\n<div class=\"elementor-element elementor-element-6fa4156 elementor-widget elementor-widget-alert\" style=\"--flex-direction: initial; --flex-wrap: initial; --justify-content: initial; --align-items: initial; --align-content: initial; --gap: initial; --flex-basis: initial; --flex-grow: initial; --flex-shrink: initial; --order: initial; --align-self: initial; flex-basis: var(--flex-basis); flex-grow: var(--flex-grow); flex-shrink: var(--flex-shrink); order: var(--order); align-self: var(--align-self); flex-direction: var(--flex-direction); flex-wrap: var(--flex-wrap); justify-content: var(--justify-content); align-items: var(--align-items); align-content: var(--align-content); gap: var(--gap); position: relative; --widgets-spacing: 20px; min-width: 0px; margin-bottom: 0px; max-width: 100%; font-family: Exo, sans-serif; font-size: 16px;\" data-id=\"6fa4156\" data-element_type=\"widget\" data-widget_type=\"alert.default\">\n<div class=\"elementor-widget-container\" style=\"transition: background 0.3s,border 0.3s,border-radius 0.3s,box-shadow 0.3s,transform var(--e-transform-transition-duration,0.4s); height: 102px;\">\n<div class=\"elementor-alert elementor-alert-warning\" style=\"padding: 15px; border-left: 5px solid #f9f0c3; position: relative; color: #8a6d3b; background-color: #fcf8e3; border-top-color: #f9f0c3; border-right-color: #f9f0c3; border-bottom-color: #f9f0c3;\" role=\"alert\"><span class=\"elementor-alert-title\" style=\"font-weight: 600; display: block;\">PERSONALIZA\u00c7\u00c3O E SUPORTE.<\/span><span class=\"elementor-alert-description\" style=\"font-size: 14px;\">N\u00e3o inclui suporte de utiliza\u00e7\u00e3o, configura\u00e7\u00e3o, modifica\u00e7\u00f5es ou altera\u00e7\u00f5es,<br \/>\npois este tipo de servi\u00e7o dever\u00e1 ser contratado a parte , voc\u00ea recebe o<br \/>\nscript com o funcionamento igual ao demo, o script tem c\u00f3digo aberto,<br \/>\nvoc\u00ea tendo conhecimento poder\u00e1 alterar o que quiser nele.<\/span><\/div>\n<div class=\"elementor-alert elementor-alert-warning\" style=\"padding: 15px; border-left: 5px solid #f9f0c3; position: relative; color: #8a6d3b; background-color: #fcf8e3; border-top-color: #f9f0c3; border-right-color: #f9f0c3; border-bottom-color: #f9f0c3;\" role=\"alert\"><\/div>\n<\/div>\n<\/div>\n<div class=\"row\" style=\"margin-right: 0px; margin-left: 0px;\">\n<div class=\"col-md-12 corrige_cedulas_principais\"><\/div>\n<\/div>\n<p>&nbsp;<\/p>\n<\/div>\n<\/div>\n","protected":false},"excerpt":{"rendered":"<p>&nbsp; Script em PHP Para Portal de Not\u00edcias Feito para php 7 Painel Administrativo: Editar Menu de Navega\u00e7\u00e3o P\u00e1ginas Postagem Agendar Postagem Rascunhos RSS Feeds Categorias Editar Lateral do site Enquetes Galeria Mensagens de Contato Coment\u00e1rios Newsletter Banners Ferramentas de SEO Prefer\u00eancias Configura\u00e7\u00f5es de Linguagem Configura\u00e7\u00f5es Visuais Configura\u00e7\u00f5es de Email&hellip;<\/p>\n","protected":false},"featured_media":634,"comment_status":"closed","ping_status":"closed","template":"","meta":[],"product_brand":[],"product_cat":[323,355,328,354,353,329,20,254,345,326,327,255,31,229],"product_tag":[262,263,215,217],"class_list":{"0":"post-596","1":"product","2":"type-product","3":"status-publish","4":"has-post-thumbnail","6":"product_cat-agencia-publicidade","7":"product_cat-blogs","8":"product_cat-entretenimento","9":"product_cat-jornalismo","10":"product_cat-noticias","11":"product_cat-ong","12":"product_cat-php","13":"product_cat-portais-de-noticias","14":"product_cat-portfolio","15":"product_cat-publicidade","16":"product_cat-publicitarios","17":"product_cat-radios","18":"product_cat-templates","19":"product_cat-vitrines","20":"product_tag-portais","21":"product_tag-de","22":"product_tag-jornalismo","23":"product_tag-noticias","25":"first","26":"instock","27":"downloadable","28":"virtual","29":"purchasable","30":"product-type-simple"},"_links":{"self":[{"href":"https:\/\/portaldosscripts.com\/index.php\/wp-json\/wp\/v2\/product\/596","targetHints":{"allow":["GET"]}}],"collection":[{"href":"https:\/\/portaldosscripts.com\/index.php\/wp-json\/wp\/v2\/product"}],"about":[{"href":"https:\/\/portaldosscripts.com\/index.php\/wp-json\/wp\/v2\/types\/product"}],"replies":[{"embeddable":true,"href":"https:\/\/portaldosscripts.com\/index.php\/wp-json\/wp\/v2\/comments?post=596"}],"version-history":[{"count":3,"href":"https:\/\/portaldosscripts.com\/index.php\/wp-json\/wp\/v2\/product\/596\/revisions"}],"predecessor-version":[{"id":913,"href":"https:\/\/portaldosscripts.com\/index.php\/wp-json\/wp\/v2\/product\/596\/revisions\/913"}],"wp:featuredmedia":[{"embeddable":true,"href":"https:\/\/portaldosscripts.com\/index.php\/wp-json\/wp\/v2\/media\/634"}],"wp:attachment":[{"href":"https:\/\/portaldosscripts.com\/index.php\/wp-json\/wp\/v2\/media?parent=596"}],"wp:term":[{"taxonomy":"product_brand","embeddable":true,"href":"https:\/\/portaldosscripts.com\/index.php\/wp-json\/wp\/v2\/product_brand?post=596"},{"taxonomy":"product_cat","embeddable":true,"href":"https:\/\/portaldosscripts.com\/index.php\/wp-json\/wp\/v2\/product_cat?post=596"},{"taxonomy":"product_tag","embeddable":true,"href":"https:\/\/portaldosscripts.com\/index.php\/wp-json\/wp\/v2\/product_tag?post=596"}],"curies":[{"name":"wp","href":"https:\/\/api.w.org\/{rel}","templated":true}]}}