{"id":597,"date":"2025-11-26T00:55:34","date_gmt":"2025-11-26T03:55:34","guid":{"rendered":"https:\/\/portaldosscripts.com\/?post_type=product&#038;p=597"},"modified":"2025-12-02T19:19:56","modified_gmt":"2025-12-02T22:19:56","slug":"script-empresa-de-transporte-logistica","status":"publish","type":"product","link":"https:\/\/portaldosscripts.com\/index.php\/produto\/script-empresa-de-transporte-logistica\/","title":{"rendered":"Script para Empresa de Transporte e Log\u00edstica"},"content":{"rendered":"<p style=\"margin-bottom: 0.9rem;\"><span style=\"color: #636363;\">Site<br \/>\nTransportadora 100% responsivo em PHP MySQL\u00a0com Painel Administrador,<br \/>\nf\u00e1cil edi\u00e7\u00e3o pelo painel, feito em PHP 5.6 a 7.0\u00a0 MySQL, utilizando os<br \/>\nFramework Bootstrap v3.3.7 e Font Awesome 5.7.0 para agiliza maior<br \/>\nperformance de navega\u00e7\u00e3o.<br \/>\nCompat\u00edvel com os principais navegadores Google Chrome, Opera, Firefox (Mozilla), Edge, Outros..<\/span><\/p>\n<p style=\"margin-bottom: 0.9rem;\">Layout Responsivo<br \/>\nF\u00e1cil de Usar<br \/>\nTotalmente Edit\u00e1vel<br \/>\nC\u00f3digo Fonte Aberto. ( O sistema est\u00e1 todo em c\u00f3digo aberto , sendo poss\u00edvel a modificar ou ajustar conforme sua necessidade. )<\/p>\n<p><span style=\"color: #636363;\"><span style=\"font-size: 17px;\">ANTES DE EFETUAR A COMPRA ACESSE O DEMO DO SCRIPT.<\/span><\/span><\/p>\n<p style=\"margin-bottom: 0.9rem;\">Garantia de Funcionamento somente para hospedagem com:<br \/>\n<span style=\"color: #636363;\">REQUISITOS PARA INSTALA\u00c7\u00c3O:<\/span><\/p>\n<p style=\"margin-bottom: 0.9rem;\">\u2013 Servidor Linux com cPanel da (cpanel.com)<br \/>\n\u2013 PHP 5.6 ou 7.0<br \/>\n\u2013 MySQL<br \/>\n\u2013 Apache<br \/>\n\u2013 phpMyAdmin<\/p>\n<p style=\"margin-bottom: 0.9rem;\"><span style=\"color: #636363;\">FUN\u00c7\u00d5ES DO GERENCIADOR DE CONTE\u00daDOS:<\/span><\/p>\n<p>\u2013 Banners\u00a0( Slides )<br \/>\n\u2013\u00a0Blocos<br \/>\n\u2013 Rastreamento ( Sistema Integrado )<br \/>\n\u2013 Caracter\u00edsticas<br \/>\n\u2013 Configura\u00e7\u00f5es<br \/>\n\u2013 Formul\u00e1rio de Contato<br \/>\n\u2013 Ligamos para voc\u00ea ( Cadastro de Telefone<br \/>\n\u2013 Imagens<br \/>\n\u2013 Bot\u00e3o WhatsApp<br \/>\n\u2013 Layout \u2013 Paginas<br \/>\n\u2013 Layout \u2013 Rodap\u00e9<br \/>\n\u2013 Layout Topo<br \/>\n\u2013 Parceiros<br \/>\n\u2013 Redes Sociais<br \/>\n\u2013 Textos | Contatos<br \/>\n\u2013 Usu\u00e1rios<\/p>\n<p>-Widgets<\/p>\n<p>&nbsp;<\/p>\n<div class=\"alert alert-danger\">\n<h4>IMPORTANTE:<\/h4>\n<p>Este Script \u00e9 apenas uma Vitrine de Produtos, n\u00e3o possui qualquer modulo de pagamento.<\/p>\n<\/div>\n<p>&nbsp;<\/p>\n<div class=\"alert alert-info\">\n<h4>ENTREGA:<\/h4>\n<p><span style=\"font-size: 17px;\">*O Envio do Script \u00e9 feito de forma autom\u00e1tica, para efetuar a compra voc\u00ea<br \/>\nprecisa se cadastrar em nossa loja, seu produto ser\u00e1 entregue na sua<br \/>\nconta ( \u00c1rea do Cliente )<\/span><\/p>\n<p>Envio em at\u00e9 5 min ap\u00f3s confirma\u00e7\u00e3o do pagamento pelo banco emissor.<\/p>\n<\/div>\n<div class=\"alert alert-warning\">\n<h4>REEMBOLSO E PERSONALIZA\u00c7\u00c3O:<\/h4>\n<p><span style=\"font-size: 17px;\">&#8211; Por se Tratar de um produto digital n\u00e3o fazemos a devolu\u00e7\u00e3o do pagamento.<\/span><span style=\"font-size: 17px;\"><br \/>\n&#8211; Este valor n\u00e3o inclui altera\u00e7\u00f5es no Script ou Instala\u00e7\u00e3o.<br \/>\n<\/span><\/p>\n<\/div>\n","protected":false},"excerpt":{"rendered":"<p>Site Transportadora 100% responsivo em PHP MySQL\u00a0com Painel Administrador, f\u00e1cil edi\u00e7\u00e3o pelo painel, feito em PHP 5.6 a 7.0\u00a0 MySQL, utilizando os Framework Bootstrap v3.3.7 e Font Awesome 5.7.0 para agiliza maior performance de navega\u00e7\u00e3o. Compat\u00edvel com os principais navegadores Google Chrome, Opera, Firefox (Mozilla), Edge, Outros.. Layout Responsivo F\u00e1cil&hellip;<\/p>\n","protected":false},"featured_media":636,"comment_status":"closed","ping_status":"closed","template":"","meta":[],"product_brand":[],"product_cat":[351,234,352,325,324,206,249,20,304,24,31,356,242,229],"product_tag":[209,210,211,213,250,216,54,264,265,219,220,251,252,222,39],"class_list":{"0":"post-597","1":"product","2":"type-product","3":"status-publish","4":"has-post-thumbnail","6":"product_cat-delivery","7":"product_cat-destaques","8":"product_cat-entregas","9":"product_cat-gestao","10":"product_cat-gestores","11":"product_cat-institucionais","12":"product_cat-institucional","13":"product_cat-php","14":"product_cat-servicos","15":"product_cat-sites-completos","16":"product_cat-templates","17":"product_cat-transportadoras","18":"product_cat-transportes","19":"product_cat-vitrines","20":"product_tag-advogados","21":"product_tag-agencia-de-viagens","22":"product_tag-agendamento","23":"product_tag-ecommerce","24":"product_tag-ferragem","25":"product_tag-landingpage","26":"product_tag-loja-virtual","27":"product_tag-mentoria","28":"product_tag-portal","29":"product_tag-provedor-de-internet","30":"product_tag-seguradora","31":"product_tag-site","32":"product_tag-template","33":"product_tag-template-iptv","34":"product_tag-templates","36":"first","37":"instock","38":"downloadable","39":"virtual","40":"purchasable","41":"product-type-simple"},"_links":{"self":[{"href":"https:\/\/portaldosscripts.com\/index.php\/wp-json\/wp\/v2\/product\/597","targetHints":{"allow":["GET"]}}],"collection":[{"href":"https:\/\/portaldosscripts.com\/index.php\/wp-json\/wp\/v2\/product"}],"about":[{"href":"https:\/\/portaldosscripts.com\/index.php\/wp-json\/wp\/v2\/types\/product"}],"replies":[{"embeddable":true,"href":"https:\/\/portaldosscripts.com\/index.php\/wp-json\/wp\/v2\/comments?post=597"}],"version-history":[{"count":3,"href":"https:\/\/portaldosscripts.com\/index.php\/wp-json\/wp\/v2\/product\/597\/revisions"}],"predecessor-version":[{"id":915,"href":"https:\/\/portaldosscripts.com\/index.php\/wp-json\/wp\/v2\/product\/597\/revisions\/915"}],"wp:featuredmedia":[{"embeddable":true,"href":"https:\/\/portaldosscripts.com\/index.php\/wp-json\/wp\/v2\/media\/636"}],"wp:attachment":[{"href":"https:\/\/portaldosscripts.com\/index.php\/wp-json\/wp\/v2\/media?parent=597"}],"wp:term":[{"taxonomy":"product_brand","embeddable":true,"href":"https:\/\/portaldosscripts.com\/index.php\/wp-json\/wp\/v2\/product_brand?post=597"},{"taxonomy":"product_cat","embeddable":true,"href":"https:\/\/portaldosscripts.com\/index.php\/wp-json\/wp\/v2\/product_cat?post=597"},{"taxonomy":"product_tag","embeddable":true,"href":"https:\/\/portaldosscripts.com\/index.php\/wp-json\/wp\/v2\/product_tag?post=597"}],"curies":[{"name":"wp","href":"https:\/\/api.w.org\/{rel}","templated":true}]}}