{"id":707,"date":"2025-11-26T00:58:41","date_gmt":"2025-11-26T03:58:41","guid":{"rendered":"https:\/\/portaldosscripts.com\/?post_type=product&#038;p=707"},"modified":"2026-02-03T01:58:39","modified_gmt":"2026-02-03T04:58:39","slug":"template-site-advocacia-100-editavel","status":"publish","type":"product","link":"https:\/\/portaldosscripts.com\/index.php\/produto\/template-site-advocacia-100-editavel\/","title":{"rendered":"Site para advogados &#8211; Odin 100% edit\u00e1vel"},"content":{"rendered":"<p data-start=\"144\" data-end=\"491\">Apresente seu neg\u00f3cio de forma moderna e profissional com este <strong data-start=\"207\" data-end=\"260\">Template exclusivo para WordPress e Elementor Pro<\/strong>.<br data-start=\"261\" data-end=\"264\" \/>Desenvolvido especialmente para o\u00a0<strong data-start=\"298\" data-end=\"321\">segmento advocacia<\/strong>, mas com design vers\u00e1til que se adapta a\u00a0<strong data-start=\"363\" data-end=\"393\">qualquer ramo de atividade<\/strong>, este template pronto vai ajudar voc\u00ea a ganhar\u00a0<strong data-start=\"441\" data-end=\"488\">tempo, produtividade e credibilidade online<\/strong>.<\/p>\n<p data-start=\"493\" data-end=\"661\">Com layout clean, responsivo e totalmente edit\u00e1vel pelo Elementor Pro, voc\u00ea poder\u00e1 personalizar cada detalhe de acordo com a identidade da sua marca, sem complica\u00e7\u00e3o.<\/p>\n<h3 data-start=\"668\" data-end=\"692\">Benef\u00edcios inclusos:<\/h3>\n<p data-start=\"693\" data-end=\"1023\">\u2705\u00a0<strong data-start=\"695\" data-end=\"716\">Download imediato<\/strong>\u00a0ap\u00f3s a confirma\u00e7\u00e3o do pagamento<br data-start=\"748\" data-end=\"751\" \/>\u2705\u00a0<strong data-start=\"753\" data-end=\"773\">Acesso vital\u00edcio<\/strong>\u00a0sem taxas adicionais<br data-start=\"878\" data-end=\"881\" \/>\u2705\u00a0<strong data-start=\"883\" data-end=\"905\">Validade garantida<\/strong>\u00a0e compatibilidade total com Elementor Pro<br data-start=\"947\" data-end=\"950\" \/>\u2705\u00a0Receba o template exatamente\u00a0<strong data-start=\"981\" data-end=\"997\">como no demo<\/strong>\u00a0para j\u00e1 sair utilizando<\/p>\n<p data-start=\"1030\" data-end=\"1147\">\u2705\u00a0Ideal para quem deseja economizar tempo, ter mais produtividade e lan\u00e7ar um site profissional em poucos cliques.<\/p>\n","protected":false},"excerpt":{"rendered":"<p>Apresente seu neg\u00f3cio de forma moderna e profissional com este Template exclusivo para WordPress e Elementor Pro.Desenvolvido especialmente para o\u00a0segmento advocacia, mas com design vers\u00e1til que se adapta a\u00a0qualquer ramo de atividade, este template pronto vai ajudar voc\u00ea a ganhar\u00a0tempo, produtividade e credibilidade online. Com layout clean, responsivo e totalmente&hellip;<\/p>\n","protected":false},"featured_media":734,"comment_status":"closed","ping_status":"closed","template":"","meta":[],"product_brand":[],"product_cat":[17,238,35,206,249,31],"product_tag":[282,209],"class_list":{"0":"post-707","1":"product","2":"type-product","3":"status-publish","4":"has-post-thumbnail","6":"product_cat-wordpress","7":"product_cat-advocacia","8":"product_cat-advogados","9":"product_cat-institucionais","10":"product_cat-institucional","11":"product_cat-templates","12":"product_tag-advocacia","13":"product_tag-advogados","15":"first","16":"instock","17":"sale","18":"downloadable","19":"virtual","20":"sold-individually","21":"purchasable","22":"product-type-simple"},"_links":{"self":[{"href":"https:\/\/portaldosscripts.com\/index.php\/wp-json\/wp\/v2\/product\/707","targetHints":{"allow":["GET"]}}],"collection":[{"href":"https:\/\/portaldosscripts.com\/index.php\/wp-json\/wp\/v2\/product"}],"about":[{"href":"https:\/\/portaldosscripts.com\/index.php\/wp-json\/wp\/v2\/types\/product"}],"replies":[{"embeddable":true,"href":"https:\/\/portaldosscripts.com\/index.php\/wp-json\/wp\/v2\/comments?post=707"}],"version-history":[{"count":4,"href":"https:\/\/portaldosscripts.com\/index.php\/wp-json\/wp\/v2\/product\/707\/revisions"}],"predecessor-version":[{"id":1463,"href":"https:\/\/portaldosscripts.com\/index.php\/wp-json\/wp\/v2\/product\/707\/revisions\/1463"}],"wp:featuredmedia":[{"embeddable":true,"href":"https:\/\/portaldosscripts.com\/index.php\/wp-json\/wp\/v2\/media\/734"}],"wp:attachment":[{"href":"https:\/\/portaldosscripts.com\/index.php\/wp-json\/wp\/v2\/media?parent=707"}],"wp:term":[{"taxonomy":"product_brand","embeddable":true,"href":"https:\/\/portaldosscripts.com\/index.php\/wp-json\/wp\/v2\/product_brand?post=707"},{"taxonomy":"product_cat","embeddable":true,"href":"https:\/\/portaldosscripts.com\/index.php\/wp-json\/wp\/v2\/product_cat?post=707"},{"taxonomy":"product_tag","embeddable":true,"href":"https:\/\/portaldosscripts.com\/index.php\/wp-json\/wp\/v2\/product_tag?post=707"}],"curies":[{"name":"wp","href":"https:\/\/api.w.org\/{rel}","templated":true}]}}